{"id":7310,"date":"2021-03-03T10:24:36","date_gmt":"2021-03-03T03:24:36","guid":{"rendered":"https:\/\/tantheky.com\/?post_type=product&#038;p=7310"},"modified":"2021-03-03T19:28:10","modified_gmt":"2021-03-03T12:28:10","slug":"dengensha-toa-ndz-035-46","status":"publish","type":"product","link":"https:\/\/tantheky.com\/vi\/p\/dengensha-toa-ndz-035-46\/","title":{"rendered":"NDZ-035-46"},"content":{"rendered":"<p>Data management is easy on a PC: <span style=\"font-size: 16px;\">Now you can connect a PC instead of a program box: You can manage data such as setting or saving of welding conditions as well as saving welding results on your PC.<\/span><\/p>\n<p>It is environment friendly and is superb in durability:<\/p>\n<ul>\n<li>Employment of an oil-less cylinder has enabled a clean work environment.<\/li>\n<li>FEM structural analysis has enabled a highly durable pressurizing unit and a high rigidness of the main body itself.<\/li>\n<li>In addition, a well-balanced cooling method suppresses an excessive heating of welders.<\/li>\n<\/ul>\n<p>High quality control capability:\u00a0A high-precision linear encoder detects foreign objects or missing components as well as excessively small\/large welding set down by detecting the electrode position.<\/p>\n<p>Other functions:<\/p>\n<ul>\n<li>Easy to connect with our feeders.<\/li>\n<li>Welding strength can be improved by quickening the rise time of current. (In terms of projection welding)<\/li>\n<li>Rise time of pressurizing has been shortened. (Shortened by about 30% compared with our conventional products)<\/li>\n<li>Up to 255 conditions can be set.<\/li>\n<\/ul>\n","protected":false},"excerpt":{"rendered":"<p>M\u00e1y h\u00e0n \u0111i\u1ec3m d\u1ea1ng tr\u1ea1m \/ h\u00e0n b\u1ea5m \/ h\u00e0n ch\u1eadp NDZ Series, AC Single phase t\u1eeb Dengensha TOA (Nh\u1eadt B\u1ea3n).<\/p>\n<p>* Basic model that supports rich variations.<br \/>\n* High-precision detection and control function for secondary current.<br \/>\n* Initial current heat rate can be set freely, which is highly effective for welding nuts.<br \/>\n* You can select from 3 types of current control systems.<\/p>\n","protected":false},"featured_media":7317,"template":"","meta":{"_acf_changed":false,"site-sidebar-layout":"default","site-content-layout":"default","ast-site-content-layout":"default","site-content-style":"default","site-sidebar-style":"default","ast-global-header-display":"","ast-banner-title-visibility":"","ast-main-header-display":"","ast-hfb-above-header-display":"","ast-hfb-below-header-display":"","ast-hfb-mobile-header-display":"","site-post-title":"","ast-breadcrumbs-content":"","ast-featured-img":"","footer-sml-layout":"","ast-disable-related-posts":"","theme-transparent-header-meta":"default","adv-header-id-meta":"","stick-header-meta":"","header-above-stick-meta":"","header-main-stick-meta":"","header-below-stick-meta":"","astra-migrate-meta-layouts":"default","ast-page-background-enabled":"default","ast-page-background-meta":{"desktop":{"background-color":"","background-image":"","background-repeat":"repeat","background-position":"center center","background-size":"auto","background-attachment":"scroll","background-type":"","background-media":"","overlay-type":"","overlay-color":"","overlay-opacity":"","overlay-gradient":""},"tablet":{"background-color":"","background-image":"","background-repeat":"repeat","background-position":"center center","background-size":"auto","background-attachment":"scroll","background-type":"","background-media":"","overlay-type":"","overlay-color":"","overlay-opacity":"","overlay-gradient":""},"mobile":{"background-color":"","background-image":"","background-repeat":"repeat","background-position":"center center","background-size":"auto","background-attachment":"scroll","background-type":"","background-media":"","overlay-type":"","overlay-color":"","overlay-opacity":"","overlay-gradient":""}},"ast-content-background-meta":{"desktop":{"background-color":"var(--ast-global-color-5)","background-image":"","background-repeat":"repeat","background-position":"center center","background-size":"auto","background-attachment":"scroll","background-type":"","background-media":"","overlay-type":"","overlay-color":"","overlay-opacity":"","overlay-gradient":""},"tablet":{"background-color":"var(--ast-global-color-5)","background-image":"","background-repeat":"repeat","background-position":"center center","background-size":"auto","background-attachment":"scroll","background-type":"","background-media":"","overlay-type":"","overlay-color":"","overlay-opacity":"","overlay-gradient":""},"mobile":{"background-color":"var(--ast-global-color-5)","background-image":"","background-repeat":"repeat","background-position":"center center","background-size":"auto","background-attachment":"scroll","background-type":"","background-media":"","overlay-type":"","overlay-color":"","overlay-opacity":"","overlay-gradient":""}}},"product_brand":[],"product_cat":[156],"product_tag":[157],"class_list":{"0":"post-7310","1":"product","2":"type-product","3":"status-publish","4":"has-post-thumbnail","6":"product_cat-dengensha-toa","7":"product_tag-dengensha-toa","8":"desktop-align-center","9":"tablet-align-center","10":"mobile-align-center","11":"ast-product-gallery-layout-horizontal","12":"ast-product-gallery-with-no-image","13":"ast-magnify-disabled","14":"ast-product-tabs-layout-horizontal","16":"first","17":"instock","18":"shipping-taxable","19":"purchasable","20":"product-type-simple"},"acf":[],"_links":{"self":[{"href":"https:\/\/tantheky.com\/vi\/wp-json\/wp\/v2\/product\/7310","targetHints":{"allow":["GET"]}}],"collection":[{"href":"https:\/\/tantheky.com\/vi\/wp-json\/wp\/v2\/product"}],"about":[{"href":"https:\/\/tantheky.com\/vi\/wp-json\/wp\/v2\/types\/product"}],"wp:featuredmedia":[{"embeddable":true,"href":"https:\/\/tantheky.com\/vi\/wp-json\/wp\/v2\/media\/7317"}],"wp:attachment":[{"href":"https:\/\/tantheky.com\/vi\/wp-json\/wp\/v2\/media?parent=7310"}],"wp:term":[{"taxonomy":"product_brand","embeddable":true,"href":"https:\/\/tantheky.com\/vi\/wp-json\/wp\/v2\/product_brand?post=7310"},{"taxonomy":"product_cat","embeddable":true,"href":"https:\/\/tantheky.com\/vi\/wp-json\/wp\/v2\/product_cat?post=7310"},{"taxonomy":"product_tag","embeddable":true,"href":"https:\/\/tantheky.com\/vi\/wp-json\/wp\/v2\/product_tag?post=7310"}],"curies":[{"name":"wp","href":"https:\/\/api.w.org\/{rel}","templated":true}]}}