{"id":6971,"date":"2021-03-01T12:01:14","date_gmt":"2021-03-01T05:01:14","guid":{"rendered":"https:\/\/tantheky.com\/?post_type=product&#038;p=6971"},"modified":"2021-03-01T12:03:06","modified_gmt":"2021-03-01T05:03:06","slug":"nihon-flash-fs-1200sa","status":"publish","type":"product","link":"https:\/\/tantheky.com\/vi\/p\/nihon-flash-fs-1200sa\/","title":{"rendered":"FS-1200SA"},"content":{"rendered":"","protected":false},"excerpt":{"rendered":"<p>M\u00e1y H\u00e0n Bu L\u00f4ng FS-1000GXA t\u1eeb nh\u00e0 s\u1ea3n xu\u1ea5t Nihon Flash (Nh\u1eadt B\u1ea3n):<\/p>\n<ul>\n<li>\u0110i\u1ec7n \u00e1p \u0111\u1ea7u v\u00e0o: AC 220V, 30A, 50\/60Hz<\/li>\n<li>Ph\u1ea1m v\u1ecb h\u00e0n: M3-M12 (th\u00e9p th\u01b0\u1eddng, th\u00e9p kh\u00f4ng g\u1ec9), M3-M6 (nh\u00f4m, \u0111\u1ed3ng)<\/li>\n<li>Tr\u1ecdng l\u01b0\u1ee3ng m\u00e1y: 70kg<\/li>\n<li>Xu\u1ea5t x\u1ee9: Nh\u1eadt B\u1ea3n<\/li>\n<\/ul>\n<p>T\u00e2n Th\u1ebf K\u1ef7 l\u00e0 nh\u00e0 ph\u00e2n ph\u1ed1i duy nh\u1ea5t c\u1ee7a Nihon Flash t\u1ea1i Vi\u1ec7t Nam, m\u00e1y nh\u1eadp kh\u1ea9u nguy\u00ean chi\u1ebfc, \u0111\u01b0\u1ee3c b\u1ea3o h\u00e0nh trong 12 th\u00e1ng.<\/p>\n<p><strong>Ch\u00fa \u00fd:<\/strong> Gi\u00e1 mang t\u00ednh ch\u1ea5t tham kh\u1ea3o. \u0110\u1ec3 nh\u1eadn \u0111\u01b0\u1ee3c gi\u00e1 t\u1ed1t c\u00f9ng c\u00e1c \u01b0u \u0111\u00e3i, khuy\u1ebfn m\u1ea1i, vui l\u00f2ng li\u00ean h\u1ec7 hotline <a href=\"tel:+84838553855\">+84 8 3855 3855<\/a>.<\/p>\n","protected":false},"featured_media":0,"template":"","meta":{"_acf_changed":false,"site-sidebar-layout":"default","site-content-layout":"default","ast-site-content-layout":"default","site-content-style":"default","site-sidebar-style":"default","ast-global-header-display":"","ast-banner-title-visibility":"","ast-main-header-display":"","ast-hfb-above-header-display":"","ast-hfb-below-header-display":"","ast-hfb-mobile-header-display":"","site-post-title":"","ast-breadcrumbs-content":"","ast-featured-img":"","footer-sml-layout":"","ast-disable-related-posts":"","theme-transparent-header-meta":"default","adv-header-id-meta":"","stick-header-meta":"","header-above-stick-meta":"","header-main-stick-meta":"","header-below-stick-meta":"","astra-migrate-meta-layouts":"default","ast-page-background-enabled":"default","ast-page-background-meta":{"desktop":{"background-color":"","background-image":"","background-repeat":"repeat","background-position":"center center","background-size":"auto","background-attachment":"scroll","background-type":"","background-media":"","overlay-type":"","overlay-color":"","overlay-opacity":"","overlay-gradient":""},"tablet":{"background-color":"","background-image":"","background-repeat":"repeat","background-position":"center center","background-size":"auto","background-attachment":"scroll","background-type":"","background-media":"","overlay-type":"","overlay-color":"","overlay-opacity":"","overlay-gradient":""},"mobile":{"background-color":"","background-image":"","background-repeat":"repeat","background-position":"center center","background-size":"auto","background-attachment":"scroll","background-type":"","background-media":"","overlay-type":"","overlay-color":"","overlay-opacity":"","overlay-gradient":""}},"ast-content-background-meta":{"desktop":{"background-color":"var(--ast-global-color-5)","background-image":"","background-repeat":"repeat","background-position":"center center","background-size":"auto","background-attachment":"scroll","background-type":"","background-media":"","overlay-type":"","overlay-color":"","overlay-opacity":"","overlay-gradient":""},"tablet":{"background-color":"var(--ast-global-color-5)","background-image":"","background-repeat":"repeat","background-position":"center center","background-size":"auto","background-attachment":"scroll","background-type":"","background-media":"","overlay-type":"","overlay-color":"","overlay-opacity":"","overlay-gradient":""},"mobile":{"background-color":"var(--ast-global-color-5)","background-image":"","background-repeat":"repeat","background-position":"center center","background-size":"auto","background-attachment":"scroll","background-type":"","background-media":"","overlay-type":"","overlay-color":"","overlay-opacity":"","overlay-gradient":""}}},"product_brand":[],"product_cat":[150],"product_tag":[152],"class_list":{"0":"post-6971","1":"product","2":"type-product","3":"status-publish","5":"product_cat-stud-welder","6":"product_tag-nihon-flash","7":"desktop-align-center","8":"tablet-align-center","9":"mobile-align-center","10":"ast-product-gallery-layout-horizontal","11":"ast-product-gallery-with-no-image","12":"ast-magnify-disabled","13":"ast-product-tabs-layout-horizontal","15":"first","16":"instock","17":"shipping-taxable","18":"purchasable","19":"product-type-simple"},"acf":[],"_links":{"self":[{"href":"https:\/\/tantheky.com\/vi\/wp-json\/wp\/v2\/product\/6971","targetHints":{"allow":["GET"]}}],"collection":[{"href":"https:\/\/tantheky.com\/vi\/wp-json\/wp\/v2\/product"}],"about":[{"href":"https:\/\/tantheky.com\/vi\/wp-json\/wp\/v2\/types\/product"}],"wp:attachment":[{"href":"https:\/\/tantheky.com\/vi\/wp-json\/wp\/v2\/media?parent=6971"}],"wp:term":[{"taxonomy":"product_brand","embeddable":true,"href":"https:\/\/tantheky.com\/vi\/wp-json\/wp\/v2\/product_brand?post=6971"},{"taxonomy":"product_cat","embeddable":true,"href":"https:\/\/tantheky.com\/vi\/wp-json\/wp\/v2\/product_cat?post=6971"},{"taxonomy":"product_tag","embeddable":true,"href":"https:\/\/tantheky.com\/vi\/wp-json\/wp\/v2\/product_tag?post=6971"}],"curies":[{"name":"wp","href":"https:\/\/api.w.org\/{rel}","templated":true}]}}