{"id":6559,"date":"2021-02-23T18:53:18","date_gmt":"2021-02-23T11:53:18","guid":{"rendered":"https:\/\/tantheky.com\/?post_type=product&#038;p=6559"},"modified":"2022-08-26T23:16:25","modified_gmt":"2022-08-26T16:16:25","slug":"otc-daihen-mr-400","status":"publish","type":"product","link":"https:\/\/tantheky.com\/vi\/p\/otc-daihen-mr-400\/","title":{"rendered":"MR-400"},"content":{"rendered":"","protected":false},"excerpt":{"rendered":"<p>OTC Daihen MR400 l\u00e0 d\u00f2ng m\u00e1y h\u00e0n que h\u1ed3 quang DC s\u1eed d\u1ee5ng c\u00f4ng ngh\u1ec7 ti\u00ean ti\u1ebfn IC-Thyristor gi\u00fap \u1ed5n\u202f\u0111\u1ecbnh d\u00f2ng h\u00e0n v\u00e0 h\u1ea1n ch\u1ebf b\u1eafn t\u00f3e:<\/p>\n<ul>\n<li>MR400\u202f\u0111\u01b0\u1ee3c trang b\u1ecb b\u1ed9\u202f\u0111i\u1ec1u khi\u1ec3n gi\u00fap ng\u0103n v\u1eadt li\u1ec7u h\u00e0n d\u00ednh v\u00e0o v\u1eadt h\u00e0n, nh\u1edd \u0111\u00f3 cho ph\u00e9p quy tr\u00ecnh h\u00e0n\u202f\u0111\u01b0\u1ee3c v\u1eadn h\u00e0nh tr\u01a1n tru.<\/li>\n<li>D\u00f2ng\u202f\u0111i\u1ec7n \u1ed5n \u0111\u1ecbnh gi\u00fap cho qu\u00e1 tr\u00ecnh h\u00e0n\u202fan to\u00e0n v\u00e0 d\u00f2ng h\u00e0n\u202f\u0111\u01b0\u1ee3c li\u00ean t\u1ee5c.<\/li>\n<li>B\u1ed9\u202f\u0111i\u1ec1u khi\u1ec3n t\u1eeb xa No.C0035K00 (t\u00f9y ch\u1ecdn) gi\u00fap t\u00f9y ch\u1ec9nh quy tr\u00ecnh, \u0111i\u1ec1u ki\u1ec7n h\u00e0n m\u1ed9t c\u00e1ch d\u1ec5 d\u00e0ng.<\/li>\n<\/ul>\n<p>T\u00e2n Th\u1ebf K\u1ef7 l\u00e0 nh\u00e0 ph\u00e2n ph\u1ed1i duy nh\u1ea5t c\u1ee7a OTC Daihen t\u1ea1i Vi\u1ec7t Nam, m\u00e1y nh\u1eadp kh\u1ea9u nguy\u00ean chi\u1ebfc, \u0111\u01b0\u1ee3c b\u1ea3o h\u00e0nh trong 12 th\u00e1ng.<\/p>\n<p><strong>Ch\u00fa \u00fd:<\/strong> Gi\u00e1 mang t\u00ednh ch\u1ea5t tham kh\u1ea3o. \u0110\u1ec3 nh\u1eadn \u0111\u01b0\u1ee3c gi\u00e1 t\u1ed1t c\u00f9ng c\u00e1c \u01b0u \u0111\u00e3i, khuy\u1ebfn m\u1ea1i, vui l\u00f2ng li\u00ean h\u1ec7 hotline +84 8 3855 3855.<\/p>\n","protected":false},"featured_media":6602,"template":"","meta":{"_acf_changed":false,"site-sidebar-layout":"default","site-content-layout":"default","ast-site-content-layout":"default","site-content-style":"default","site-sidebar-style":"default","ast-global-header-display":"","ast-banner-title-visibility":"","ast-main-header-display":"","ast-hfb-above-header-display":"","ast-hfb-below-header-display":"","ast-hfb-mobile-header-display":"","site-post-title":"","ast-breadcrumbs-content":"","ast-featured-img":"","footer-sml-layout":"","ast-disable-related-posts":"","theme-transparent-header-meta":"default","adv-header-id-meta":"","stick-header-meta":"","header-above-stick-meta":"","header-main-stick-meta":"","header-below-stick-meta":"","astra-migrate-meta-layouts":"default","ast-page-background-enabled":"default","ast-page-background-meta":{"desktop":{"background-color":"","background-image":"","background-repeat":"repeat","background-position":"center center","background-size":"auto","background-attachment":"scroll","background-type":"","background-media":"","overlay-type":"","overlay-color":"","overlay-opacity":"","overlay-gradient":""},"tablet":{"background-color":"","background-image":"","background-repeat":"repeat","background-position":"center center","background-size":"auto","background-attachment":"scroll","background-type":"","background-media":"","overlay-type":"","overlay-color":"","overlay-opacity":"","overlay-gradient":""},"mobile":{"background-color":"","background-image":"","background-repeat":"repeat","background-position":"center center","background-size":"auto","background-attachment":"scroll","background-type":"","background-media":"","overlay-type":"","overlay-color":"","overlay-opacity":"","overlay-gradient":""}},"ast-content-background-meta":{"desktop":{"background-color":"var(--ast-global-color-5)","background-image":"","background-repeat":"repeat","background-position":"center center","background-size":"auto","background-attachment":"scroll","background-type":"","background-media":"","overlay-type":"","overlay-color":"","overlay-opacity":"","overlay-gradient":""},"tablet":{"background-color":"var(--ast-global-color-5)","background-image":"","background-repeat":"repeat","background-position":"center center","background-size":"auto","background-attachment":"scroll","background-type":"","background-media":"","overlay-type":"","overlay-color":"","overlay-opacity":"","overlay-gradient":""},"mobile":{"background-color":"var(--ast-global-color-5)","background-image":"","background-repeat":"repeat","background-position":"center center","background-size":"auto","background-attachment":"scroll","background-type":"","background-media":"","overlay-type":"","overlay-color":"","overlay-opacity":"","overlay-gradient":""}}},"product_brand":[],"product_cat":[116,121],"product_tag":[212,211,210,208,119],"class_list":{"0":"post-6559","1":"product","2":"type-product","3":"status-publish","4":"has-post-thumbnail","6":"product_cat-otc-daihen","7":"product_cat-que","8":"product_tag-may-han-dien-tu","9":"product_tag-may-han-ky-thuat-so","10":"product_tag-may-han-nhat-ban","11":"product_tag-may-han-que","12":"product_tag-otc-daihen","13":"desktop-align-center","14":"tablet-align-center","15":"mobile-align-center","16":"ast-product-gallery-layout-horizontal","17":"ast-product-gallery-with-no-image","18":"ast-magnify-disabled","19":"ast-product-tabs-layout-horizontal","21":"first","22":"instock","23":"shipping-taxable","24":"purchasable","25":"product-type-simple"},"acf":[],"_links":{"self":[{"href":"https:\/\/tantheky.com\/vi\/wp-json\/wp\/v2\/product\/6559","targetHints":{"allow":["GET"]}}],"collection":[{"href":"https:\/\/tantheky.com\/vi\/wp-json\/wp\/v2\/product"}],"about":[{"href":"https:\/\/tantheky.com\/vi\/wp-json\/wp\/v2\/types\/product"}],"wp:featuredmedia":[{"embeddable":true,"href":"https:\/\/tantheky.com\/vi\/wp-json\/wp\/v2\/media\/6602"}],"wp:attachment":[{"href":"https:\/\/tantheky.com\/vi\/wp-json\/wp\/v2\/media?parent=6559"}],"wp:term":[{"taxonomy":"product_brand","embeddable":true,"href":"https:\/\/tantheky.com\/vi\/wp-json\/wp\/v2\/product_brand?post=6559"},{"taxonomy":"product_cat","embeddable":true,"href":"https:\/\/tantheky.com\/vi\/wp-json\/wp\/v2\/product_cat?post=6559"},{"taxonomy":"product_tag","embeddable":true,"href":"https:\/\/tantheky.com\/vi\/wp-json\/wp\/v2\/product_tag?post=6559"}],"curies":[{"name":"wp","href":"https:\/\/api.w.org\/{rel}","templated":true}]}}