{"id":6558,"date":"2021-02-23T18:53:18","date_gmt":"2021-02-23T11:53:18","guid":{"rendered":"https:\/\/tantheky.com\/?post_type=product&#038;p=6558"},"modified":"2022-08-26T23:03:36","modified_gmt":"2022-08-26T16:03:36","slug":"otc-daihen-vr-400","status":"publish","type":"product","link":"https:\/\/tantheky.com\/vi\/p\/otc-daihen-vr-400\/","title":{"rendered":"VR-400"},"content":{"rendered":"","protected":false},"excerpt":{"rendered":"<p>OTC Daihen VR400 l\u00e0 d\u00f2ng m\u00e1y h\u00e0n que h\u1ed3 quang DC t\u00edch h\u1ee3p c\u00f4ng ngh\u1ec7 \u0111i\u1ec1u khi\u1ec3n Inverter IGBT ti\u00ean ti\u1ebfn, c\u00f3 nhi\u1ec1u t\u00ednh n\u0103ng n\u1ed5i b\u1eadt:<\/p>\n<ul>\n<li>D\u00f2ng \u0111i\u1ec7n \u1ed5n \u0111\u1ecbnh \u0111\u1ea3m b\u1ea3o quy tr\u00ecnh h\u00e0n an to\u00e0n, li\u00ean t\u1ee5c.<\/li>\n<li>\u1ee8ng d\u1ee5ng r\u1ed9ng r\u00e3i trong nhi\u1ec1u l\u0129nh v\u1ef1c, ph\u00f9 h\u1ee3p v\u1edbi nhi\u1ec1u ng\u00e0nh ngh\u1ec1.<\/li>\n<li>C\u00f3 t\u00ednh n\u0103ng t\u1ef1 \u0111\u1ed9ng nh\u1eadn d\u1ea1ng h\u1ed9p \u0111i\u1ec1u khi\u1ec3n t\u1eeb xa, d\u1ec5 d\u00e0ng k\u1ebft n\u1ed1i \u0111\u1ec3 s\u1eed d\u1ee5ng.<\/li>\n<li>C\u00f3 th\u1ec3 x\u1ebfp ch\u1ed3ng 2 m\u00e1y \u0111\u1ec3 ti\u1ebft ki\u1ec7m di\u1ec7n t\u00edch.<\/li>\n<li>Trang b\u1ecb h\u1ec7 th\u1ed1ng b\u1ea3o v\u1ec7 m\u1ea1ch v\u00e0 thi\u1ebft b\u1ecb ch\u1ed1ng shock \u0111i\u1ec7n hi\u1ec7n \u0111\u1ea1i.<\/li>\n<li>Thi\u1ebft k\u1ebf ch\u1ed1ng b\u1ee5i gi\u00fap m\u00e1y v\u1eadn h\u00e0nh t\u1ed1t k\u1ec3 c\u1ea3 trong m\u00f4i tr\u01b0\u1eddng l\u00e0m vi\u1ec7c kh\u1eafc nghi\u1ec7t.<\/li>\n<\/ul>\n<p>T\u00e2n Th\u1ebf K\u1ef7 l\u00e0 nh\u00e0 ph\u00e2n ph\u1ed1i duy nh\u1ea5t c\u1ee7a OTC Daihen t\u1ea1i Vi\u1ec7t Nam, m\u00e1y nh\u1eadp kh\u1ea9u nguy\u00ean chi\u1ebfc, \u0111\u01b0\u1ee3c b\u1ea3o h\u00e0nh trong 12 th\u00e1ng.<\/p>\n<p><strong>Ch\u00fa \u00fd:<\/strong> Gi\u00e1 mang t\u00ednh ch\u1ea5t tham kh\u1ea3o. \u0110\u1ec3 nh\u1eadn \u0111\u01b0\u1ee3c gi\u00e1 t\u1ed1t c\u00f9ng c\u00e1c \u01b0u \u0111\u00e3i, khuy\u1ebfn m\u1ea1i, vui l\u00f2ng li\u00ean h\u1ec7 hotline +84 8 3855 3855.<\/p>\n","protected":false},"featured_media":6605,"template":"","meta":{"_acf_changed":false,"site-sidebar-layout":"default","site-content-layout":"default","ast-site-content-layout":"default","site-content-style":"default","site-sidebar-style":"default","ast-global-header-display":"","ast-banner-title-visibility":"","ast-main-header-display":"","ast-hfb-above-header-display":"","ast-hfb-below-header-display":"","ast-hfb-mobile-header-display":"","site-post-title":"","ast-breadcrumbs-content":"","ast-featured-img":"","footer-sml-layout":"","ast-disable-related-posts":"","theme-transparent-header-meta":"default","adv-header-id-meta":"","stick-header-meta":"","header-above-stick-meta":"","header-main-stick-meta":"","header-below-stick-meta":"","astra-migrate-meta-layouts":"default","ast-page-background-enabled":"default","ast-page-background-meta":{"desktop":{"background-color":"","background-image":"","background-repeat":"repeat","background-position":"center center","background-size":"auto","background-attachment":"scroll","background-type":"","background-media":"","overlay-type":"","overlay-color":"","overlay-opacity":"","overlay-gradient":""},"tablet":{"background-color":"","background-image":"","background-repeat":"repeat","background-position":"center center","background-size":"auto","background-attachment":"scroll","background-type":"","background-media":"","overlay-type":"","overlay-color":"","overlay-opacity":"","overlay-gradient":""},"mobile":{"background-color":"","background-image":"","background-repeat":"repeat","background-position":"center center","background-size":"auto","background-attachment":"scroll","background-type":"","background-media":"","overlay-type":"","overlay-color":"","overlay-opacity":"","overlay-gradient":""}},"ast-content-background-meta":{"desktop":{"background-color":"var(--ast-global-color-5)","background-image":"","background-repeat":"repeat","background-position":"center center","background-size":"auto","background-attachment":"scroll","background-type":"","background-media":"","overlay-type":"","overlay-color":"","overlay-opacity":"","overlay-gradient":""},"tablet":{"background-color":"var(--ast-global-color-5)","background-image":"","background-repeat":"repeat","background-position":"center center","background-size":"auto","background-attachment":"scroll","background-type":"","background-media":"","overlay-type":"","overlay-color":"","overlay-opacity":"","overlay-gradient":""},"mobile":{"background-color":"var(--ast-global-color-5)","background-image":"","background-repeat":"repeat","background-position":"center center","background-size":"auto","background-attachment":"scroll","background-type":"","background-media":"","overlay-type":"","overlay-color":"","overlay-opacity":"","overlay-gradient":""}}},"product_brand":[],"product_cat":[116,121],"product_tag":[212,211,210,208,119],"class_list":{"0":"post-6558","1":"product","2":"type-product","3":"status-publish","4":"has-post-thumbnail","6":"product_cat-otc-daihen","7":"product_cat-que","8":"product_tag-may-han-dien-tu","9":"product_tag-may-han-ky-thuat-so","10":"product_tag-may-han-nhat-ban","11":"product_tag-may-han-que","12":"product_tag-otc-daihen","13":"desktop-align-center","14":"tablet-align-center","15":"mobile-align-center","16":"ast-product-gallery-layout-horizontal","17":"ast-product-gallery-with-no-image","18":"ast-magnify-disabled","19":"ast-product-tabs-layout-horizontal","21":"first","22":"instock","23":"shipping-taxable","24":"purchasable","25":"product-type-simple"},"acf":[],"_links":{"self":[{"href":"https:\/\/tantheky.com\/vi\/wp-json\/wp\/v2\/product\/6558","targetHints":{"allow":["GET"]}}],"collection":[{"href":"https:\/\/tantheky.com\/vi\/wp-json\/wp\/v2\/product"}],"about":[{"href":"https:\/\/tantheky.com\/vi\/wp-json\/wp\/v2\/types\/product"}],"wp:featuredmedia":[{"embeddable":true,"href":"https:\/\/tantheky.com\/vi\/wp-json\/wp\/v2\/media\/6605"}],"wp:attachment":[{"href":"https:\/\/tantheky.com\/vi\/wp-json\/wp\/v2\/media?parent=6558"}],"wp:term":[{"taxonomy":"product_brand","embeddable":true,"href":"https:\/\/tantheky.com\/vi\/wp-json\/wp\/v2\/product_brand?post=6558"},{"taxonomy":"product_cat","embeddable":true,"href":"https:\/\/tantheky.com\/vi\/wp-json\/wp\/v2\/product_cat?post=6558"},{"taxonomy":"product_tag","embeddable":true,"href":"https:\/\/tantheky.com\/vi\/wp-json\/wp\/v2\/product_tag?post=6558"}],"curies":[{"name":"wp","href":"https:\/\/api.w.org\/{rel}","templated":true}]}}