{"id":6556,"date":"2021-02-23T18:53:17","date_gmt":"2021-02-23T11:53:17","guid":{"rendered":"https:\/\/tantheky.com\/?post_type=product&#038;p=6556"},"modified":"2022-08-22T12:42:52","modified_gmt":"2022-08-22T05:42:52","slug":"otc-daihen-vr-160","status":"publish","type":"product","link":"https:\/\/tantheky.com\/vi\/p\/otc-daihen-vr-160\/","title":{"rendered":"VR-160"},"content":{"rendered":"","protected":false},"excerpt":{"rendered":"<p>OTC Daihen VR160 l\u00e0 d\u00f2ng m\u00e1y h\u00e0n que x\u00e1ch tay s\u1eed d\u1ee5ng c\u00f4ng ngh\u1ec7 inverter gi\u00fap ti\u1ebft ki\u1ec7m \u0111i\u1ec7n n\u0103ng v\u00e0 ph\u00f9 h\u1ee3p v\u1edbi ngu\u1ed3n \u0111i\u1ec7n \u0111\u1ea7u v\u00e0o 1 pha, AC 220V:<\/p>\n<ul>\n<li>M\u00e1y h\u00e0n \u0111i\u1ec7n t\u1eed VR160 c\u00f3 ch\u1ea5t l\u01b0\u1ee3ng \u01b0u vi\u1ec7t, thi\u1ebft k\u1ebf hi\u1ec7n \u0111\u1ea1i v\u00e0 t\u00edch h\u1ee3p c\u00f4ng ngh\u1ec7 h\u00e0n ti\u00ean ti\u1ebfn v\u1edbi gi\u00e1 c\u1ea3 c\u1ea1nh tranh.<\/li>\n<li>D\u00f2ng m\u00e1y h\u00e0n \u0111i\u1ec7n t\u1eed VR160 t\u00edch h\u1ee3p h\u1ec7 th\u1ed1ng b\u1ea3o v\u1ec7 m\u1ea1ch \u0111i\u1ec7n, \u0111\u1ea3m b\u1ea3o cho m\u00e1y h\u00e0n ho\u1ea1t \u0111\u1ed9ng \u1ed5n \u0111\u1ecbnh, gi\u00fap cho qu\u00e1 tr\u00ecnh h\u00e0n hi\u1ec7u qu\u1ea3 v\u00e0 kh\u00f4ng b\u1ecb gi\u00e1n \u0111o\u1ea1n.<\/li>\n<li>H\u1ec7 th\u1ed1ng inverter ch\u1ea5t l\u01b0\u1ee3ng cao gi\u00fap ti\u1ebft ki\u1ec7m \u0111i\u1ec7n n\u0103ng.<\/li>\n<li>M\u00e0y h\u00e0n VR160 c\u00f3 th\u1ec3 s\u1eed d\u1ee5ng nhi\u1ec1u lo\u1ea1i que h\u00e0n kh\u00e1c nhau v\u00e0 th\u00edch h\u1ee3p h\u00e0n nhi\u1ec1u lo\u1ea1i kim lo\u1ea1i, nh\u01b0 S\u1eaft, Th\u00e9p, Th\u00e9p kh\u00f4ng g\u1ec9, Th\u00e9p h\u1ee3p kim\u2026<\/li>\n<li>Ph\u00f9 h\u1ee3p cho m\u1ecdi lo\u1ea1i h\u00ecnh c\u00f4ng vi\u1ec7c: thi c\u00f4ng ngo\u00e0i tr\u1eddi, b\u1ea3o tr\u00ec\u2026 v\u00e0 trong c\u00e1c ng\u00e0nh ngh\u1ec1 kh\u00e1c nhau nh\u01b0: n\u1ed9i th\u1ea5t, c\u01a1 kh\u00ed, \u00f4 t\u00f4, h\u00f3a ch\u1ea5t, x\u00e2y d\u1ef1ng\u2026<\/li>\n<\/ul>\n<p>T\u00e2n Th\u1ebf K\u1ef7 l\u00e0 nh\u00e0 ph\u00e2n ph\u1ed1i duy nh\u1ea5t c\u1ee7a OTC Daihen t\u1ea1i Vi\u1ec7t Nam, m\u00e1y nh\u1eadp kh\u1ea9u nguy\u00ean chi\u1ebfc, \u0111\u01b0\u1ee3c b\u1ea3o h\u00e0nh trong 12 th\u00e1ng.<\/p>\n<p><strong>Ch\u00fa \u00fd:<\/strong> Gi\u00e1 mang t\u00ednh ch\u1ea5t tham kh\u1ea3o. \u0110\u1ec3 nh\u1eadn \u0111\u01b0\u1ee3c gi\u00e1 t\u1ed1t c\u00f9ng c\u00e1c \u01b0u \u0111\u00e3i, khuy\u1ebfn m\u1ea1i, vui l\u00f2ng li\u00ean h\u1ec7 hotline +84 8 3855 3855.<\/p>\n","protected":false},"featured_media":6599,"template":"","meta":{"_acf_changed":false,"site-sidebar-layout":"default","site-content-layout":"default","ast-site-content-layout":"default","site-content-style":"default","site-sidebar-style":"default","ast-global-header-display":"","ast-banner-title-visibility":"","ast-main-header-display":"","ast-hfb-above-header-display":"","ast-hfb-below-header-display":"","ast-hfb-mobile-header-display":"","site-post-title":"","ast-breadcrumbs-content":"","ast-featured-img":"","footer-sml-layout":"","ast-disable-related-posts":"","theme-transparent-header-meta":"default","adv-header-id-meta":"","stick-header-meta":"","header-above-stick-meta":"","header-main-stick-meta":"","header-below-stick-meta":"","astra-migrate-meta-layouts":"default","ast-page-background-enabled":"default","ast-page-background-meta":{"desktop":{"background-color":"","background-image":"","background-repeat":"repeat","background-position":"center center","background-size":"auto","background-attachment":"scroll","background-type":"","background-media":"","overlay-type":"","overlay-color":"","overlay-opacity":"","overlay-gradient":""},"tablet":{"background-color":"","background-image":"","background-repeat":"repeat","background-position":"center center","background-size":"auto","background-attachment":"scroll","background-type":"","background-media":"","overlay-type":"","overlay-color":"","overlay-opacity":"","overlay-gradient":""},"mobile":{"background-color":"","background-image":"","background-repeat":"repeat","background-position":"center center","background-size":"auto","background-attachment":"scroll","background-type":"","background-media":"","overlay-type":"","overlay-color":"","overlay-opacity":"","overlay-gradient":""}},"ast-content-background-meta":{"desktop":{"background-color":"var(--ast-global-color-5)","background-image":"","background-repeat":"repeat","background-position":"center center","background-size":"auto","background-attachment":"scroll","background-type":"","background-media":"","overlay-type":"","overlay-color":"","overlay-opacity":"","overlay-gradient":""},"tablet":{"background-color":"var(--ast-global-color-5)","background-image":"","background-repeat":"repeat","background-position":"center center","background-size":"auto","background-attachment":"scroll","background-type":"","background-media":"","overlay-type":"","overlay-color":"","overlay-opacity":"","overlay-gradient":""},"mobile":{"background-color":"var(--ast-global-color-5)","background-image":"","background-repeat":"repeat","background-position":"center center","background-size":"auto","background-attachment":"scroll","background-type":"","background-media":"","overlay-type":"","overlay-color":"","overlay-opacity":"","overlay-gradient":""}}},"product_brand":[],"product_cat":[116,121],"product_tag":[212,211,210,208,209,119],"class_list":{"0":"post-6556","1":"product","2":"type-product","3":"status-publish","4":"has-post-thumbnail","6":"product_cat-otc-daihen","7":"product_cat-que","8":"product_tag-may-han-dien-tu","9":"product_tag-may-han-ky-thuat-so","10":"product_tag-may-han-nhat-ban","11":"product_tag-may-han-que","12":"product_tag-may-han-xach-tay","13":"product_tag-otc-daihen","14":"desktop-align-center","15":"tablet-align-center","16":"mobile-align-center","17":"ast-product-gallery-layout-horizontal","18":"ast-product-gallery-with-no-image","19":"ast-magnify-disabled","20":"ast-product-tabs-layout-horizontal","22":"first","23":"instock","24":"shipping-taxable","25":"purchasable","26":"product-type-simple"},"acf":[],"_links":{"self":[{"href":"https:\/\/tantheky.com\/vi\/wp-json\/wp\/v2\/product\/6556","targetHints":{"allow":["GET"]}}],"collection":[{"href":"https:\/\/tantheky.com\/vi\/wp-json\/wp\/v2\/product"}],"about":[{"href":"https:\/\/tantheky.com\/vi\/wp-json\/wp\/v2\/types\/product"}],"wp:featuredmedia":[{"embeddable":true,"href":"https:\/\/tantheky.com\/vi\/wp-json\/wp\/v2\/media\/6599"}],"wp:attachment":[{"href":"https:\/\/tantheky.com\/vi\/wp-json\/wp\/v2\/media?parent=6556"}],"wp:term":[{"taxonomy":"product_brand","embeddable":true,"href":"https:\/\/tantheky.com\/vi\/wp-json\/wp\/v2\/product_brand?post=6556"},{"taxonomy":"product_cat","embeddable":true,"href":"https:\/\/tantheky.com\/vi\/wp-json\/wp\/v2\/product_cat?post=6556"},{"taxonomy":"product_tag","embeddable":true,"href":"https:\/\/tantheky.com\/vi\/wp-json\/wp\/v2\/product_tag?post=6556"}],"curies":[{"name":"wp","href":"https:\/\/api.w.org\/{rel}","templated":true}]}}