{"id":6554,"date":"2021-02-23T18:53:17","date_gmt":"2021-02-23T11:53:17","guid":{"rendered":"https:\/\/tantheky.com\/?post_type=product&#038;p=6554"},"modified":"2022-08-26T23:34:59","modified_gmt":"2022-08-26T16:34:59","slug":"otc-daihen-xd-600g","status":"publish","type":"product","link":"https:\/\/tantheky.com\/vi\/p\/otc-daihen-xd-600g\/","title":{"rendered":"XD-600G"},"content":{"rendered":"","protected":false},"excerpt":{"rendered":"<p>M\u00e1y h\u00e0n \u0111i\u1ec7n t\u1eed OTC\u00a0XD-600G l\u00e0 lo\u1ea1i m\u00e1y h\u00e0n k\u1ef9 thu\u1eadt s\u1ed1 l\u00fd t\u01b0\u1edfng trong c\u00f4ng \u0111o\u1ea1n h\u00e0n c\u00e1c v\u1eadt li\u1ec7u d\u00e0y nh\u01b0: k\u1ebft c\u1ea5u th\u00e9p, c\u1ea7u \u0111\u01b0\u1eddng v\u00e0 \u0111\u00f3ng t\u00e0u. M\u00e1y h\u00e0n\u202f\u0111a ch\u1ee9c n\u0103ng\u202f\u0111i\u1ec1u khi\u1ec3n b\u1edfi b\u1ed9 vi x\u1eed l\u00fd 3-trong-1 gi\u00fap vi\u1ec7c h\u00e0n tr\u1edf n\u00ean d\u1ec5 d\u00e0ng h\u01a1n.<\/p>\n<ul>\n<li>B\u1ed9 vi x\u1eed l\u00fd \u0111i\u1ec1u khi\u1ec3n<\/li>\n<li>Ti\u1ebft ki\u1ec7m n\u0103ng l\u01b0\u1ee3ng<\/li>\n<li>B\u1ed1n lo\u1ea1i ch\u1ebf \u0111\u1ed9 h\u00e0n kh\u00e1c nhau:\n<ul>\n<li>H\u00e0n Co2<\/li>\n<li>H\u00e0n MAG<\/li>\n<li>H\u00e0n th\u1ed5i than<\/li>\n<li>H\u00e0n que<\/li>\n<\/ul>\n<\/li>\n<\/ul>\n<p>T\u00e2n Th\u1ebf K\u1ef7 l\u00e0 nh\u00e0 ph\u00e2n ph\u1ed1i duy nh\u1ea5t c\u1ee7a OTC Daihen t\u1ea1i Vi\u1ec7t Nam, m\u00e1y nh\u1eadp kh\u1ea9u nguy\u00ean chi\u1ebfc, \u0111\u01b0\u1ee3c b\u1ea3o h\u00e0nh trong 12 th\u00e1ng.<\/p>\n<p><strong>Ch\u00fa \u00fd:<\/strong> Gi\u00e1 mang t\u00ednh ch\u1ea5t tham kh\u1ea3o. \u0110\u1ec3 nh\u1eadn \u0111\u01b0\u1ee3c gi\u00e1 t\u1ed1t c\u00f9ng c\u00e1c \u01b0u \u0111\u00e3i, khuy\u1ebfn m\u1ea1i, vui l\u00f2ng li\u00ean h\u1ec7 hotline +84 8 3855 3855.<\/p>\n","protected":false},"featured_media":6612,"template":"","meta":{"_acf_changed":false,"site-sidebar-layout":"default","site-content-layout":"default","ast-site-content-layout":"default","site-content-style":"default","site-sidebar-style":"default","ast-global-header-display":"","ast-banner-title-visibility":"","ast-main-header-display":"","ast-hfb-above-header-display":"","ast-hfb-below-header-display":"","ast-hfb-mobile-header-display":"","site-post-title":"","ast-breadcrumbs-content":"","ast-featured-img":"","footer-sml-layout":"","ast-disable-related-posts":"","theme-transparent-header-meta":"default","adv-header-id-meta":"","stick-header-meta":"","header-above-stick-meta":"","header-main-stick-meta":"","header-below-stick-meta":"","astra-migrate-meta-layouts":"default","ast-page-background-enabled":"default","ast-page-background-meta":{"desktop":{"background-color":"","background-image":"","background-repeat":"repeat","background-position":"center center","background-size":"auto","background-attachment":"scroll","background-type":"","background-media":"","overlay-type":"","overlay-color":"","overlay-opacity":"","overlay-gradient":""},"tablet":{"background-color":"","background-image":"","background-repeat":"repeat","background-position":"center center","background-size":"auto","background-attachment":"scroll","background-type":"","background-media":"","overlay-type":"","overlay-color":"","overlay-opacity":"","overlay-gradient":""},"mobile":{"background-color":"","background-image":"","background-repeat":"repeat","background-position":"center center","background-size":"auto","background-attachment":"scroll","background-type":"","background-media":"","overlay-type":"","overlay-color":"","overlay-opacity":"","overlay-gradient":""}},"ast-content-background-meta":{"desktop":{"background-color":"var(--ast-global-color-5)","background-image":"","background-repeat":"repeat","background-position":"center center","background-size":"auto","background-attachment":"scroll","background-type":"","background-media":"","overlay-type":"","overlay-color":"","overlay-opacity":"","overlay-gradient":""},"tablet":{"background-color":"var(--ast-global-color-5)","background-image":"","background-repeat":"repeat","background-position":"center center","background-size":"auto","background-attachment":"scroll","background-type":"","background-media":"","overlay-type":"","overlay-color":"","overlay-opacity":"","overlay-gradient":""},"mobile":{"background-color":"var(--ast-global-color-5)","background-image":"","background-repeat":"repeat","background-position":"center center","background-size":"auto","background-attachment":"scroll","background-type":"","background-media":"","overlay-type":"","overlay-color":"","overlay-opacity":"","overlay-gradient":""}}},"product_brand":[],"product_cat":[116,121],"product_tag":[212,211,210,208,245,119],"class_list":{"0":"post-6554","1":"product","2":"type-product","3":"status-publish","4":"has-post-thumbnail","6":"product_cat-otc-daihen","7":"product_cat-que","8":"product_tag-may-han-dien-tu","9":"product_tag-may-han-ky-thuat-so","10":"product_tag-may-han-nhat-ban","11":"product_tag-may-han-que","12":"product_tag-may-han-thoi-than","13":"product_tag-otc-daihen","14":"desktop-align-center","15":"tablet-align-center","16":"mobile-align-center","17":"ast-product-gallery-layout-horizontal","18":"ast-product-gallery-with-no-image","19":"ast-magnify-disabled","20":"ast-product-tabs-layout-horizontal","22":"first","23":"instock","24":"shipping-taxable","25":"purchasable","26":"product-type-simple"},"acf":[],"_links":{"self":[{"href":"https:\/\/tantheky.com\/vi\/wp-json\/wp\/v2\/product\/6554","targetHints":{"allow":["GET"]}}],"collection":[{"href":"https:\/\/tantheky.com\/vi\/wp-json\/wp\/v2\/product"}],"about":[{"href":"https:\/\/tantheky.com\/vi\/wp-json\/wp\/v2\/types\/product"}],"wp:featuredmedia":[{"embeddable":true,"href":"https:\/\/tantheky.com\/vi\/wp-json\/wp\/v2\/media\/6612"}],"wp:attachment":[{"href":"https:\/\/tantheky.com\/vi\/wp-json\/wp\/v2\/media?parent=6554"}],"wp:term":[{"taxonomy":"product_brand","embeddable":true,"href":"https:\/\/tantheky.com\/vi\/wp-json\/wp\/v2\/product_brand?post=6554"},{"taxonomy":"product_cat","embeddable":true,"href":"https:\/\/tantheky.com\/vi\/wp-json\/wp\/v2\/product_cat?post=6554"},{"taxonomy":"product_tag","embeddable":true,"href":"https:\/\/tantheky.com\/vi\/wp-json\/wp\/v2\/product_tag?post=6554"}],"curies":[{"name":"wp","href":"https:\/\/api.w.org\/{rel}","templated":true}]}}