{"id":5631,"date":"2021-02-18T11:44:02","date_gmt":"2021-02-18T04:44:02","guid":{"rendered":"https:\/\/tantheky.com\/?post_type=product&#038;p=5631"},"modified":"2022-08-26T23:48:06","modified_gmt":"2022-08-26T16:48:06","slug":"otc-daihen-accutig-500p","status":"publish","type":"product","link":"https:\/\/tantheky.com\/vi\/p\/otc-daihen-accutig-500p\/","title":{"rendered":"ACCUTIG 500P"},"content":{"rendered":"","protected":false},"excerpt":{"rendered":"<p>M\u00e1y h\u00e0n TIG AC\/DC ACCUTIG 500P s\u1ea3n xu\u1ea5t b\u1edfi OTC DAIHEN (Nh\u1eadt B\u1ea3n) s\u1eed d\u1ee5ng c\u00f4ng ngh\u1ec7 \u0111i\u1ec1u khi\u1ec3n IC-Thyristor v\u1edbi nhi\u1ec1u \u01b0u \u0111i\u1ec3m v\u01b0\u1ee3t tr\u1ed9i:<\/p>\n<ul>\n<li>L\u00e0 lo\u1ea1i m\u00e1y h\u00e0n TIG \u0111a ch\u1ee9c n\u0103ng, c\u00f3 th\u1ec3 h\u00e0n \u0111\u01b0\u1ee3c kim lo\u1ea1i m\u00e0u<\/li>\n<li>Ch\u1ebf \u0111\u1ed9 h\u00e0n TIG c\u00f3 kh\u1ea3 n\u0103ng h\u00e0n \u0111\u01b0\u1ee3c h\u1ea7u h\u1ebft kim lo\u1ea1i, th\u00e9p th\u01b0\u1eddng, th\u00e9p kh\u00f4ng g\u1ec9, \u0111\u1ed3ng, nh\u00f4m, c\u00e1c lo\u1ea1i kim lo\u1ea1i m\u00e0u cho \u0111\u1ed9 ng\u1ea5u cao, \u0111i\u1ec1u khi\u1ec3n d\u1ec5 d\u00e0ng<\/li>\n<li>Ch\u1ebf \u0111\u1ed9 h\u00e0n que c\u00f3 kh\u1ea3 n\u0103ng h\u00e0n \u0111\u01b0\u1ee3c que Acid v\u00e0 h\u1ea7u h\u1ebft c\u00e1c lo\u1ea1i que th\u00f4ng th\u01b0\u1eddng<\/li>\n<li>Ch\u1ebf \u0111\u1ed9 h\u00e0n TIG AC\/DC xung, h\u00e0n que DC.<\/li>\n<\/ul>\n<p>T\u00e2n Th\u1ebf K\u1ef7 l\u00e0 nh\u00e0 ph\u00e2n ph\u1ed1i duy nh\u1ea5t c\u1ee7a OTC Daihen t\u1ea1i Vi\u1ec7t Nam, m\u00e1y nh\u1eadp kh\u1ea9u nguy\u00ean chi\u1ebfc, \u0111\u01b0\u1ee3c b\u1ea3o h\u00e0nh trong 12 th\u00e1ng.<\/p>\n<p><strong>Ch\u00fa \u00fd:<\/strong> Gi\u00e1 mang t\u00ednh ch\u1ea5t tham kh\u1ea3o. \u0110\u1ec3 nh\u1eadn \u0111\u01b0\u1ee3c gi\u00e1 t\u1ed1t c\u00f9ng c\u00e1c \u01b0u \u0111\u00e3i, khuy\u1ebfn m\u1ea1i, vui l\u00f2ng li\u00ean h\u1ec7 hotline <a href=\"tel:+84838553855\">+84 8 3855 3855<\/a>.<\/p>\n","protected":false},"featured_media":5632,"template":"","meta":{"_acf_changed":false,"site-sidebar-layout":"default","site-content-layout":"default","ast-site-content-layout":"default","site-content-style":"default","site-sidebar-style":"default","ast-global-header-display":"","ast-banner-title-visibility":"","ast-main-header-display":"","ast-hfb-above-header-display":"","ast-hfb-below-header-display":"","ast-hfb-mobile-header-display":"","site-post-title":"","ast-breadcrumbs-content":"","ast-featured-img":"","footer-sml-layout":"","ast-disable-related-posts":"","theme-transparent-header-meta":"default","adv-header-id-meta":"","stick-header-meta":"","header-above-stick-meta":"","header-main-stick-meta":"","header-below-stick-meta":"","astra-migrate-meta-layouts":"default","ast-page-background-enabled":"default","ast-page-background-meta":{"desktop":{"background-color":"","background-image":"","background-repeat":"repeat","background-position":"center center","background-size":"auto","background-attachment":"scroll","background-type":"","background-media":"","overlay-type":"","overlay-color":"","overlay-opacity":"","overlay-gradient":""},"tablet":{"background-color":"","background-image":"","background-repeat":"repeat","background-position":"center center","background-size":"auto","background-attachment":"scroll","background-type":"","background-media":"","overlay-type":"","overlay-color":"","overlay-opacity":"","overlay-gradient":""},"mobile":{"background-color":"","background-image":"","background-repeat":"repeat","background-position":"center center","background-size":"auto","background-attachment":"scroll","background-type":"","background-media":"","overlay-type":"","overlay-color":"","overlay-opacity":"","overlay-gradient":""}},"ast-content-background-meta":{"desktop":{"background-color":"var(--ast-global-color-5)","background-image":"","background-repeat":"repeat","background-position":"center center","background-size":"auto","background-attachment":"scroll","background-type":"","background-media":"","overlay-type":"","overlay-color":"","overlay-opacity":"","overlay-gradient":""},"tablet":{"background-color":"var(--ast-global-color-5)","background-image":"","background-repeat":"repeat","background-position":"center center","background-size":"auto","background-attachment":"scroll","background-type":"","background-media":"","overlay-type":"","overlay-color":"","overlay-opacity":"","overlay-gradient":""},"mobile":{"background-color":"var(--ast-global-color-5)","background-image":"","background-repeat":"repeat","background-position":"center center","background-size":"auto","background-attachment":"scroll","background-type":"","background-media":"","overlay-type":"","overlay-color":"","overlay-opacity":"","overlay-gradient":""}}},"product_brand":[],"product_cat":[116,118],"product_tag":[211,210,119],"class_list":{"0":"post-5631","1":"product","2":"type-product","3":"status-publish","4":"has-post-thumbnail","6":"product_cat-otc-daihen","7":"product_cat-tig","8":"product_tag-may-han-ky-thuat-so","9":"product_tag-may-han-nhat-ban","10":"product_tag-otc-daihen","11":"desktop-align-center","12":"tablet-align-center","13":"mobile-align-center","14":"ast-product-gallery-layout-horizontal","15":"ast-product-gallery-with-no-image","16":"ast-magnify-disabled","17":"ast-product-tabs-layout-horizontal","19":"first","20":"instock","21":"shipping-taxable","22":"purchasable","23":"product-type-simple"},"acf":[],"_links":{"self":[{"href":"https:\/\/tantheky.com\/vi\/wp-json\/wp\/v2\/product\/5631","targetHints":{"allow":["GET"]}}],"collection":[{"href":"https:\/\/tantheky.com\/vi\/wp-json\/wp\/v2\/product"}],"about":[{"href":"https:\/\/tantheky.com\/vi\/wp-json\/wp\/v2\/types\/product"}],"wp:featuredmedia":[{"embeddable":true,"href":"https:\/\/tantheky.com\/vi\/wp-json\/wp\/v2\/media\/5632"}],"wp:attachment":[{"href":"https:\/\/tantheky.com\/vi\/wp-json\/wp\/v2\/media?parent=5631"}],"wp:term":[{"taxonomy":"product_brand","embeddable":true,"href":"https:\/\/tantheky.com\/vi\/wp-json\/wp\/v2\/product_brand?post=5631"},{"taxonomy":"product_cat","embeddable":true,"href":"https:\/\/tantheky.com\/vi\/wp-json\/wp\/v2\/product_cat?post=5631"},{"taxonomy":"product_tag","embeddable":true,"href":"https:\/\/tantheky.com\/vi\/wp-json\/wp\/v2\/product_tag?post=5631"}],"curies":[{"name":"wp","href":"https:\/\/api.w.org\/{rel}","templated":true}]}}