{"id":5619,"date":"2021-02-18T11:07:53","date_gmt":"2021-02-18T04:07:53","guid":{"rendered":"https:\/\/tantheky.com\/?post_type=product&#038;p=5619"},"modified":"2022-08-26T23:43:27","modified_gmt":"2022-08-26T16:43:27","slug":"otc-daihen-mr-315t","status":"publish","type":"product","link":"https:\/\/tantheky.com\/vi\/p\/otc-daihen-mr-315t\/","title":{"rendered":"MR-315T"},"content":{"rendered":"","protected":false},"excerpt":{"rendered":"<p>M\u00e1y h\u00e0n TIG xung DC MR-315T s\u1ea3n xu\u1ea5t b\u1edfi OTC DAIHEN (Nh\u1eadt B\u1ea3n) s\u1eed d\u1ee5ng c\u00f4ng ngh\u1ec7 \u0111i\u1ec1u khi\u1ec3n Thyristor v\u1edbi nhi\u1ec1u \u01b0u \u0111i\u1ec3m v\u01b0\u1ee3t tr\u1ed9i:<\/p>\n<ul>\n<li>\u0110\u01b0\u1ee3c trang b\u1ecb bi\u1ebfn t\u1ea7n c\u00f4ng ngh\u1ec7 cao, ch\u1ea5t l\u01b0\u1ee3ng t\u1ed1t, ph\u00f9 h\u1ee3p v\u1edbi nhi\u1ec1u \u0111i\u1ec1u ki\u1ec7n m\u00f4i tr\u01b0\u1eddng kh\u00e1c nhau<\/li>\n<li>Hi\u1ec7u su\u1ea5t s\u1eed d\u1ee5ng cao, ti\u1ebft ki\u1ec7m n\u0103ng l\u01b0\u1ee3ng, gi\u1ea3m thi\u1ec3u t\u1ed1i \u0111a chi ph\u00ed d\u01b0 th\u01b0a trong qu\u00e1 tr\u00ecnh s\u1ea3n xu\u1ea5t<\/li>\n<li>Cho ph\u00e9p h\u00e0n \u0111\u01b0\u1ee3c nhi\u1ec1u lo\u1ea1i v\u1eadt li\u1ec7u, nh\u01b0: th\u00e9p th\u01b0\u1eddng, th\u00e9p kh\u00f4ng g\u1ec9, c\u00e1c h\u1ee3p kim ch\u1ee9a niken v\u1edbi c\u00e1c ch\u1ee9c n\u0103ng TIG DC, TIG DC xung, TIG que.<\/li>\n<li>V\u1ecf m\u00e1y \u0111\u01b0\u1ee3c l\u00e0m t\u1eeb th\u00e9p k\u1ef9 thu\u1eadt cao, s\u01a1n ph\u1ee7 b\u1ec1n, kh\u00f4ng b\u1ecb \u1ea3nh h\u01b0\u1edfng b\u1edfi qu\u00e1 tr\u00ecnh oxy h\u00f3a v\u00e0 \u0103n m\u00f2n kim lo\u1ea1i<\/li>\n<\/ul>\n<p>T\u00e2n Th\u1ebf K\u1ef7 l\u00e0 nh\u00e0 ph\u00e2n ph\u1ed1i duy nh\u1ea5t c\u1ee7a OTC Daihen t\u1ea1i Vi\u1ec7t Nam, m\u00e1y nh\u1eadp kh\u1ea9u nguy\u00ean chi\u1ebfc, \u0111\u01b0\u1ee3c b\u1ea3o h\u00e0nh trong 12 th\u00e1ng.<\/p>\n<p><strong>Ch\u00fa \u00fd:<\/strong> Gi\u00e1 mang t\u00ednh ch\u1ea5t tham kh\u1ea3o. \u0110\u1ec3 nh\u1eadn \u0111\u01b0\u1ee3c gi\u00e1 t\u1ed1t c\u00f9ng c\u00e1c \u01b0u \u0111\u00e3i, khuy\u1ebfn m\u1ea1i, vui l\u00f2ng li\u00ean h\u1ec7 hotline <a href=\"tel:+84838553855\">+84 8 3855 3855<\/a>.<\/p>\n","protected":false},"featured_media":5620,"template":"","meta":{"_acf_changed":false,"site-sidebar-layout":"default","site-content-layout":"default","ast-site-content-layout":"default","site-content-style":"default","site-sidebar-style":"default","ast-global-header-display":"","ast-banner-title-visibility":"","ast-main-header-display":"","ast-hfb-above-header-display":"","ast-hfb-below-header-display":"","ast-hfb-mobile-header-display":"","site-post-title":"","ast-breadcrumbs-content":"","ast-featured-img":"","footer-sml-layout":"","ast-disable-related-posts":"","theme-transparent-header-meta":"default","adv-header-id-meta":"","stick-header-meta":"","header-above-stick-meta":"","header-main-stick-meta":"","header-below-stick-meta":"","astra-migrate-meta-layouts":"default","ast-page-background-enabled":"default","ast-page-background-meta":{"desktop":{"background-color":"","background-image":"","background-repeat":"repeat","background-position":"center center","background-size":"auto","background-attachment":"scroll","background-type":"","background-media":"","overlay-type":"","overlay-color":"","overlay-opacity":"","overlay-gradient":""},"tablet":{"background-color":"","background-image":"","background-repeat":"repeat","background-position":"center center","background-size":"auto","background-attachment":"scroll","background-type":"","background-media":"","overlay-type":"","overlay-color":"","overlay-opacity":"","overlay-gradient":""},"mobile":{"background-color":"","background-image":"","background-repeat":"repeat","background-position":"center center","background-size":"auto","background-attachment":"scroll","background-type":"","background-media":"","overlay-type":"","overlay-color":"","overlay-opacity":"","overlay-gradient":""}},"ast-content-background-meta":{"desktop":{"background-color":"var(--ast-global-color-5)","background-image":"","background-repeat":"repeat","background-position":"center center","background-size":"auto","background-attachment":"scroll","background-type":"","background-media":"","overlay-type":"","overlay-color":"","overlay-opacity":"","overlay-gradient":""},"tablet":{"background-color":"var(--ast-global-color-5)","background-image":"","background-repeat":"repeat","background-position":"center center","background-size":"auto","background-attachment":"scroll","background-type":"","background-media":"","overlay-type":"","overlay-color":"","overlay-opacity":"","overlay-gradient":""},"mobile":{"background-color":"var(--ast-global-color-5)","background-image":"","background-repeat":"repeat","background-position":"center center","background-size":"auto","background-attachment":"scroll","background-type":"","background-media":"","overlay-type":"","overlay-color":"","overlay-opacity":"","overlay-gradient":""}}},"product_brand":[],"product_cat":[116,118],"product_tag":[211,210,119],"class_list":{"0":"post-5619","1":"product","2":"type-product","3":"status-publish","4":"has-post-thumbnail","6":"product_cat-otc-daihen","7":"product_cat-tig","8":"product_tag-may-han-ky-thuat-so","9":"product_tag-may-han-nhat-ban","10":"product_tag-otc-daihen","11":"desktop-align-center","12":"tablet-align-center","13":"mobile-align-center","14":"ast-product-gallery-layout-horizontal","15":"ast-product-gallery-with-no-image","16":"ast-magnify-disabled","17":"ast-product-tabs-layout-horizontal","19":"first","20":"instock","21":"shipping-taxable","22":"purchasable","23":"product-type-simple"},"acf":[],"_links":{"self":[{"href":"https:\/\/tantheky.com\/vi\/wp-json\/wp\/v2\/product\/5619","targetHints":{"allow":["GET"]}}],"collection":[{"href":"https:\/\/tantheky.com\/vi\/wp-json\/wp\/v2\/product"}],"about":[{"href":"https:\/\/tantheky.com\/vi\/wp-json\/wp\/v2\/types\/product"}],"wp:featuredmedia":[{"embeddable":true,"href":"https:\/\/tantheky.com\/vi\/wp-json\/wp\/v2\/media\/5620"}],"wp:attachment":[{"href":"https:\/\/tantheky.com\/vi\/wp-json\/wp\/v2\/media?parent=5619"}],"wp:term":[{"taxonomy":"product_brand","embeddable":true,"href":"https:\/\/tantheky.com\/vi\/wp-json\/wp\/v2\/product_brand?post=5619"},{"taxonomy":"product_cat","embeddable":true,"href":"https:\/\/tantheky.com\/vi\/wp-json\/wp\/v2\/product_cat?post=5619"},{"taxonomy":"product_tag","embeddable":true,"href":"https:\/\/tantheky.com\/vi\/wp-json\/wp\/v2\/product_tag?post=5619"}],"curies":[{"name":"wp","href":"https:\/\/api.w.org\/{rel}","templated":true}]}}