{"id":5609,"date":"2021-02-18T09:19:12","date_gmt":"2021-02-18T02:19:12","guid":{"rendered":"https:\/\/tantheky.com\/?post_type=product&#038;p=5609"},"modified":"2022-08-26T23:39:22","modified_gmt":"2022-08-26T16:39:22","slug":"otc-daihen-cvpe-400ii","status":"publish","type":"product","link":"https:\/\/tantheky.com\/vi\/p\/otc-daihen-cvpe-400ii\/","title":{"rendered":"CVPE-400II"},"content":{"rendered":"","protected":false},"excerpt":{"rendered":"<p>M\u00e1y h\u00e0n CO2\/ MIG \/ MAG CPVE-400II s\u1ea3n xu\u1ea5t b\u1edfi OTC DAIHEN (Nh\u1eadt B\u1ea3n) v\u1edbi nhi\u1ec1u t\u00ednh n\u0103ng \u01b0u vi\u1ec7t:<\/p>\n<ul>\n<li>C\u00f4ng ngh\u1ec7 IGBT; hi\u1ec3n th\u1ecb b\u1eb1ng \u0111\u1ed3ng h\u1ed3 s\u1ed1<\/li>\n<li>C\u00f3 h\u00e0n h\u00e0n th\u00e9p kh\u00f4ng g\u1ec9 inox<\/li>\n<li>Chu k\u1ef3 t\u1ea3i l\u00ean \u0111\u1ebfn 100%<\/li>\n<li>L\u01b0u \u0111\u01b0\u1ee3c 30 ch\u01b0\u01a1ng tr\u00ecnh h\u00e0n<\/li>\n<li>Ti\u1ebft ki\u1ec7m \u0111i\u1ec7n n\u0103ng<\/li>\n<li>C\u00f3 th\u1ec3 k\u1ebft n\u1ed1i v\u1edbi m\u00e1y t\u1ef1 \u0111\u1ed9ng<\/li>\n<li>Ch\u1ee9c n\u0103ng kh\u00f3a ch\u01b0\u01a1ng tr\u00ecnh b\u1eb1ng password<\/li>\n<\/ul>\n<p>T\u00e2n Th\u1ebf K\u1ef7 l\u00e0 nh\u00e0 ph\u00e2n ph\u1ed1i duy nh\u1ea5t c\u1ee7a OTC Daihen t\u1ea1i Vi\u1ec7t Nam, m\u00e1y nh\u1eadp kh\u1ea9u nguy\u00ean chi\u1ebfc, \u0111\u01b0\u1ee3c b\u1ea3o h\u00e0nh trong 12 th\u00e1ng.<\/p>\n<p><strong>Ch\u00fa \u00fd:<\/strong> Gi\u00e1 mang t\u00ednh ch\u1ea5t tham kh\u1ea3o. \u0110\u1ec3 nh\u1eadn \u0111\u01b0\u1ee3c gi\u00e1 t\u1ed1t c\u00f9ng c\u00e1c \u01b0u \u0111\u00e3i, khuy\u1ebfn m\u1ea1i, vui l\u00f2ng li\u00ean h\u1ec7 hotline <a href=\"tel:+84838553855\">+84 8 3855 3855<\/a>.<\/p>\n","protected":false},"featured_media":5610,"template":"","meta":{"_acf_changed":false,"site-sidebar-layout":"default","site-content-layout":"default","ast-site-content-layout":"default","site-content-style":"default","site-sidebar-style":"default","ast-global-header-display":"","ast-banner-title-visibility":"","ast-main-header-display":"","ast-hfb-above-header-display":"","ast-hfb-below-header-display":"","ast-hfb-mobile-header-display":"","site-post-title":"","ast-breadcrumbs-content":"","ast-featured-img":"","footer-sml-layout":"","ast-disable-related-posts":"","theme-transparent-header-meta":"default","adv-header-id-meta":"","stick-header-meta":"","header-above-stick-meta":"","header-main-stick-meta":"","header-below-stick-meta":"","astra-migrate-meta-layouts":"default","ast-page-background-enabled":"default","ast-page-background-meta":{"desktop":{"background-color":"","background-image":"","background-repeat":"repeat","background-position":"center center","background-size":"auto","background-attachment":"scroll","background-type":"","background-media":"","overlay-type":"","overlay-color":"","overlay-opacity":"","overlay-gradient":""},"tablet":{"background-color":"","background-image":"","background-repeat":"repeat","background-position":"center center","background-size":"auto","background-attachment":"scroll","background-type":"","background-media":"","overlay-type":"","overlay-color":"","overlay-opacity":"","overlay-gradient":""},"mobile":{"background-color":"","background-image":"","background-repeat":"repeat","background-position":"center center","background-size":"auto","background-attachment":"scroll","background-type":"","background-media":"","overlay-type":"","overlay-color":"","overlay-opacity":"","overlay-gradient":""}},"ast-content-background-meta":{"desktop":{"background-color":"var(--ast-global-color-5)","background-image":"","background-repeat":"repeat","background-position":"center center","background-size":"auto","background-attachment":"scroll","background-type":"","background-media":"","overlay-type":"","overlay-color":"","overlay-opacity":"","overlay-gradient":""},"tablet":{"background-color":"var(--ast-global-color-5)","background-image":"","background-repeat":"repeat","background-position":"center center","background-size":"auto","background-attachment":"scroll","background-type":"","background-media":"","overlay-type":"","overlay-color":"","overlay-opacity":"","overlay-gradient":""},"mobile":{"background-color":"var(--ast-global-color-5)","background-image":"","background-repeat":"repeat","background-position":"center center","background-size":"auto","background-attachment":"scroll","background-type":"","background-media":"","overlay-type":"","overlay-color":"","overlay-opacity":"","overlay-gradient":""}}},"product_brand":[],"product_cat":[116,117],"product_tag":[211,210,119],"class_list":{"0":"post-5609","1":"product","2":"type-product","3":"status-publish","4":"has-post-thumbnail","6":"product_cat-otc-daihen","7":"product_cat-co2-mig-mag","8":"product_tag-may-han-ky-thuat-so","9":"product_tag-may-han-nhat-ban","10":"product_tag-otc-daihen","11":"desktop-align-center","12":"tablet-align-center","13":"mobile-align-center","14":"ast-product-gallery-layout-horizontal","15":"ast-product-gallery-with-no-image","16":"ast-magnify-disabled","17":"ast-product-tabs-layout-horizontal","19":"first","20":"instock","21":"shipping-taxable","22":"purchasable","23":"product-type-simple"},"acf":[],"_links":{"self":[{"href":"https:\/\/tantheky.com\/vi\/wp-json\/wp\/v2\/product\/5609","targetHints":{"allow":["GET"]}}],"collection":[{"href":"https:\/\/tantheky.com\/vi\/wp-json\/wp\/v2\/product"}],"about":[{"href":"https:\/\/tantheky.com\/vi\/wp-json\/wp\/v2\/types\/product"}],"wp:featuredmedia":[{"embeddable":true,"href":"https:\/\/tantheky.com\/vi\/wp-json\/wp\/v2\/media\/5610"}],"wp:attachment":[{"href":"https:\/\/tantheky.com\/vi\/wp-json\/wp\/v2\/media?parent=5609"}],"wp:term":[{"taxonomy":"product_brand","embeddable":true,"href":"https:\/\/tantheky.com\/vi\/wp-json\/wp\/v2\/product_brand?post=5609"},{"taxonomy":"product_cat","embeddable":true,"href":"https:\/\/tantheky.com\/vi\/wp-json\/wp\/v2\/product_cat?post=5609"},{"taxonomy":"product_tag","embeddable":true,"href":"https:\/\/tantheky.com\/vi\/wp-json\/wp\/v2\/product_tag?post=5609"}],"curies":[{"name":"wp","href":"https:\/\/api.w.org\/{rel}","templated":true}]}}