{"id":5596,"date":"2021-02-18T08:06:01","date_gmt":"2021-02-18T01:06:01","guid":{"rendered":"https:\/\/tantheky.com\/?post_type=product&#038;p=5596"},"modified":"2022-08-17T14:38:53","modified_gmt":"2022-08-17T07:38:53","slug":"otc-daihen-xd-500sii","status":"publish","type":"product","link":"https:\/\/tantheky.com\/vi\/p\/otc-daihen-xd-500sii\/","title":{"rendered":"XD-500SII"},"content":{"rendered":"","protected":false},"excerpt":{"rendered":"<p>OTC Daihen XD-500SII (XD500S2) l\u00e0 lo\u1ea1i m\u00e1y h\u00e0n CO2\/MAG \u0111i\u1ec1u khi\u1ec3n b\u1eb1ng c\u00f4ng ngh\u1ec7 Thyristor SCR s\u1ea3n xu\u1ea5t b\u1edfi OTC DAIHEN (Nh\u1eadt B\u1ea3n) v\u1edbi nhi\u1ec1u \u01b0u \u0111i\u1ec3m v\u01b0\u1ee3t tr\u1ed9i:<\/p>\n<p><strong>Ch\u1ee9c n\u0103ng \u01b0u vi\u1ec7t h\u01a1n<\/strong><\/p>\n<ul>\n<li>Th\u1ef1c hi\u1ec7n vi\u1ec7c c\u00e0i \u0111\u1eb7t d\u00f2ng h\u00e0n gi\u1edbi h\u1ea1n b\u1eb1ng thay \u0111\u1ed5i th\u00f4ng s\u1ed1 ph\u1ea7n m\u1ec1m, cam k\u1ebft ch\u1ea5t l\u01b0\u1ee3ng h\u00e0n.<\/li>\n<li>S\u1ef1 k\u1ebft h\u1ee3p c\u1ee7a b\u1ed9 x\u1eed l\u00fd k\u1ef9 thu\u1eadt s\u1ed1 m\u1edbi v\u00e0 c\u00f4ng ngh\u1ec7 bi\u00ean d\u1ea1ng s\u00f3ng c\u1ee7a OTC gi\u00fap th\u1ef1c hi\u1ec7n m\u1ed1i h\u00e0n m\u01b0\u1ee3t h\u01a1n v\u00e0 \u1ed5n \u0111\u1ecbnh h\u01a1n \u0111\u1eb7c bi\u1ec7t xu\u1ea5t s\u1eafc \u1edf d\u00f2ng h\u00e0n th\u1ea5p.<\/li>\n<li>\u1ede d\u1ea3i d\u00f2ng h\u00e0n th\u1ea5p, h\u1ed3 quang \u00edt b\u1eafn t\u00f3e, t\u1eadp trung h\u01a1n, c\u1ea3i thi\u1ec7n hi\u1ec7u su\u1ea5t h\u00e0n \u1edf t\u1ea5t c\u1ea3 v\u1ecb tr\u00ed h\u00e0n.<\/li>\n<li>H\u1ed3 quang \u1ed5n \u0111\u1ecbnh \u1edf t\u1ed1c \u0111\u1ed9 h\u00e0n cao.<\/li>\n<\/ul>\n<p><strong>Thu\u1eadn ti\u1ec7n h\u01a1n<\/strong><\/p>\n<ul>\n<li>Ch\u1ee9c n\u0103ng \u0111i\u1ec1u khi\u1ec3n \u0111\u1ed9 ng\u1ea5u \u0111\u1ed9c \u0111\u00e1o c\u1ee7a OTC; cho ph\u00e9p chi\u1ec1u s\u00e2u ng\u1ea5u \u1ed5n \u0111\u1ecbnh th\u1eadm ch\u00ed khi kho\u1ea3ng c\u00e1ch d\u00e2y h\u00e0n t\u1edbi ph\u00f4i thay \u0111\u1ed5i.<\/li>\n<li>\u0110\u1ed3ng h\u1ed3 k\u1ef9 thu\u1eadt s\u1ed1 hi\u1ec3n th\u1ecb d\u00f2ng h\u00e0n,v\u00e0 \u00e1p , d\u1ec5 nh\u00ecn v\u00e0 d\u1ec5 \u0111i\u1ec1u khi\u1ec3n h\u01a1n.<\/li>\n<li>C\u00f3 n\u00fam v\u1eb7n, \u0111i\u1ec1u ch\u1ec9nh d\u1ec5 d\u00e0ng h\u01a1n.<\/li>\n<\/ul>\n<p><strong>Tin c\u1eady h\u01a1n<\/strong><\/p>\n<ul>\n<li>B\u1ed9 c\u1ea5p d\u00e2y v\u00e0 \u0111i\u1ec1u khi\u1ec3n 2 trong 1: gi\u1ea3m l\u1ed7i c\u1ea5p d\u00e2y m\u1ed9t c\u00e1ch r\u00f5 r\u1ec7t.<\/li>\n<li>D\u1ec5 d\u00e0ng \u0111i\u1ec1u ch\u1ec9nh ch\u1ebf \u0111\u1ed9 h\u00e0n v\u00e0 tinh ch\u1ec9nh v\u1edbi b\u1ed9 c\u1ea5p d\u00e2y ngay c\u1ea1nh b\u1ea1n.<\/li>\n<li>Cho ph\u00e9p h\u1ed3 quang \u1ed5n \u0111\u1ecbnh khi b\u1ed9 c\u1ea5p d\u00e2y \u0111\u01b0\u1ee3c n\u1ed1i d\u00e0i.<\/li>\n<li>B\u00ean v\u00e0 ch\u1ecbu \u0111\u01b0\u1ee3c \u0111i\u1ec1u ki\u1ec7n kh\u1eafc nghi\u1ec7t.<\/li>\n<li>Tr\u1ecdng l\u01b0\u1ee3ng nh\u1eb9 cho ph\u00e9p di chuy\u1ec3n d\u1ec5 d\u00e0ng.<\/li>\n<\/ul>\n<p><strong>An to\u00e0n v\u00e0 thi\u1ebft k\u1ebf th\u00e2n thi\u1ec7n v\u1edbi ng\u01b0\u1eddi d\u00f9ng.<\/strong><\/p>\n<ul>\n<li>Ti\u1ebft ki\u1ec7m kh\u00ed gas h\u01a1n v\u1edbi Ch\u1ee9c n\u0103ng t\u1ef1 \u0111\u1ed9ng c\u1eaft kh\u00ed sau kho\u1ea3ng 2 ph\u00fat kh\u00f4ng s\u1eed d\u1ee5ng. B\u1ea3o v\u1ec7 ng\u01b0\u1eddi d\u00f9ng kh\u1ecfi c\u00e1c tai n\u1ea1n khi l\u00e0m vi\u1ec7c trong kh\u00f4ng gian h\u1eb9p n\u1ebfu kh\u00ed CO2 b\u1ecb r\u00f2 r\u1ec9.<\/li>\n<li>Ch\u1ee9c n\u0103ng s\u1eed d\u1ee5ng an to\u00e0n: Trong TH m\u00e1y b\u1eadt, m\u1ecf h\u00e0n v\u1eabn b\u1ecb kh\u00f3a, m\u00e1y s\u1ebd kh\u00f4ng ho\u1ea1t \u0111\u1ed9ng. Khi s\u1eed d\u1ee5ng c\u00e1p r\u1ea5t d\u00e0i, m\u1ecf h\u00e0n xa t\u1ea7m m\u1eaft th\u1ee3 h\u00e0n, ch\u1ee9c n\u0103ng n\u00e0y s\u1ebd h\u1ea1n ch\u1ebf th\u01b0\u01a1ng t\u00edch do d\u00e2y h\u00e0n b\u1ecb ch\u00e1y.<\/li>\n<li>Thi\u1ebft k\u1ebf h\u00ednh d\u00e1ng \u0111\u1eb7c bi\u1ec7t c\u1ee7a m\u00e1y h\u1ea1n ch\u1ebf b\u1ee5i, n\u01b0\u1edbc v\u00e0 m\u1ea1t b\u1eafn v\u00e0o m\u00e1y.<\/li>\n<li>Ti\u1ebft ki\u1ec7m \u0111i\u1ec7n, n\u0103ng l\u01b0\u1ee3ng, than thi\u1ec7n m\u00f4i tr\u01b0\u1eddng.<\/li>\n<\/ul>\n<p>T\u00e2n Th\u1ebf K\u1ef7 l\u00e0 nh\u00e0 ph\u00e2n ph\u1ed1i duy nh\u1ea5t c\u1ee7a OTC Daihen t\u1ea1i Vi\u1ec7t Nam, m\u00e1y nh\u1eadp kh\u1ea9u nguy\u00ean chi\u1ebfc, \u0111\u01b0\u1ee3c b\u1ea3o h\u00e0nh trong 12 th\u00e1ng.<\/p>\n<p><strong>Ch\u00fa \u00fd:<\/strong> Gi\u00e1 mang t\u00ednh ch\u1ea5t tham kh\u1ea3o. \u0110\u1ec3 nh\u1eadn \u0111\u01b0\u1ee3c gi\u00e1 t\u1ed1t c\u00f9ng c\u00e1c \u01b0u \u0111\u00e3i, khuy\u1ebfn m\u1ea1i, vui l\u00f2ng li\u00ean h\u1ec7 hotline <a href=\"tel:+84838553855\">+84 8 3855 3855<\/a>.<\/p>\n","protected":false},"featured_media":5597,"template":"","meta":{"_acf_changed":false,"site-sidebar-layout":"default","site-content-layout":"default","ast-site-content-layout":"default","site-content-style":"default","site-sidebar-style":"default","ast-global-header-display":"","ast-banner-title-visibility":"","ast-main-header-display":"","ast-hfb-above-header-display":"","ast-hfb-below-header-display":"","ast-hfb-mobile-header-display":"","site-post-title":"","ast-breadcrumbs-content":"","ast-featured-img":"","footer-sml-layout":"","ast-disable-related-posts":"","theme-transparent-header-meta":"default","adv-header-id-meta":"","stick-header-meta":"","header-above-stick-meta":"","header-main-stick-meta":"","header-below-stick-meta":"","astra-migrate-meta-layouts":"default","ast-page-background-enabled":"default","ast-page-background-meta":{"desktop":{"background-color":"","background-image":"","background-repeat":"repeat","background-position":"center center","background-size":"auto","background-attachment":"scroll","background-type":"","background-media":"","overlay-type":"","overlay-color":"","overlay-opacity":"","overlay-gradient":""},"tablet":{"background-color":"","background-image":"","background-repeat":"repeat","background-position":"center center","background-size":"auto","background-attachment":"scroll","background-type":"","background-media":"","overlay-type":"","overlay-color":"","overlay-opacity":"","overlay-gradient":""},"mobile":{"background-color":"","background-image":"","background-repeat":"repeat","background-position":"center center","background-size":"auto","background-attachment":"scroll","background-type":"","background-media":"","overlay-type":"","overlay-color":"","overlay-opacity":"","overlay-gradient":""}},"ast-content-background-meta":{"desktop":{"background-color":"var(--ast-global-color-5)","background-image":"","background-repeat":"repeat","background-position":"center center","background-size":"auto","background-attachment":"scroll","background-type":"","background-media":"","overlay-type":"","overlay-color":"","overlay-opacity":"","overlay-gradient":""},"tablet":{"background-color":"var(--ast-global-color-5)","background-image":"","background-repeat":"repeat","background-position":"center center","background-size":"auto","background-attachment":"scroll","background-type":"","background-media":"","overlay-type":"","overlay-color":"","overlay-opacity":"","overlay-gradient":""},"mobile":{"background-color":"var(--ast-global-color-5)","background-image":"","background-repeat":"repeat","background-position":"center center","background-size":"auto","background-attachment":"scroll","background-type":"","background-media":"","overlay-type":"","overlay-color":"","overlay-opacity":"","overlay-gradient":""}}},"product_brand":[],"product_cat":[117,116],"product_tag":[212,211,210,119],"class_list":{"0":"post-5596","1":"product","2":"type-product","3":"status-publish","4":"has-post-thumbnail","6":"product_cat-co2-mig-mag","7":"product_cat-otc-daihen","8":"product_tag-may-han-dien-tu","9":"product_tag-may-han-ky-thuat-so","10":"product_tag-may-han-nhat-ban","11":"product_tag-otc-daihen","12":"desktop-align-center","13":"tablet-align-center","14":"mobile-align-center","15":"ast-product-gallery-layout-horizontal","16":"ast-product-gallery-with-no-image","17":"ast-magnify-disabled","18":"ast-product-tabs-layout-horizontal","20":"first","21":"instock","22":"shipping-taxable","23":"purchasable","24":"product-type-simple"},"acf":[],"_links":{"self":[{"href":"https:\/\/tantheky.com\/vi\/wp-json\/wp\/v2\/product\/5596","targetHints":{"allow":["GET"]}}],"collection":[{"href":"https:\/\/tantheky.com\/vi\/wp-json\/wp\/v2\/product"}],"about":[{"href":"https:\/\/tantheky.com\/vi\/wp-json\/wp\/v2\/types\/product"}],"wp:featuredmedia":[{"embeddable":true,"href":"https:\/\/tantheky.com\/vi\/wp-json\/wp\/v2\/media\/5597"}],"wp:attachment":[{"href":"https:\/\/tantheky.com\/vi\/wp-json\/wp\/v2\/media?parent=5596"}],"wp:term":[{"taxonomy":"product_brand","embeddable":true,"href":"https:\/\/tantheky.com\/vi\/wp-json\/wp\/v2\/product_brand?post=5596"},{"taxonomy":"product_cat","embeddable":true,"href":"https:\/\/tantheky.com\/vi\/wp-json\/wp\/v2\/product_cat?post=5596"},{"taxonomy":"product_tag","embeddable":true,"href":"https:\/\/tantheky.com\/vi\/wp-json\/wp\/v2\/product_tag?post=5596"}],"curies":[{"name":"wp","href":"https:\/\/api.w.org\/{rel}","templated":true}]}}