{"id":9119,"date":"2022-08-18T11:24:49","date_gmt":"2022-08-18T04:24:49","guid":{"rendered":"https:\/\/tantheky.com\/?page_id=9119"},"modified":"2022-09-10T22:31:23","modified_gmt":"2022-09-10T15:31:23","slug":"kien-thuc","status":"publish","type":"page","link":"https:\/\/tantheky.com\/vi\/kien-thuc\/","title":{"rendered":"Ki\u1ebfn Th\u1ee9c"},"content":{"rendered":"\t\t<div data-elementor-type=\"wp-page\" data-elementor-id=\"9119\" class=\"elementor elementor-9119\" data-elementor-post-type=\"page\">\n\t\t\t\t\t\t<section class=\"elementor-section elementor-top-section elementor-element elementor-element-27345f1e elementor-section-height-min-height elementor-section-boxed elementor-section-height-default elementor-section-items-middle\" data-id=\"27345f1e\" data-element_type=\"section\" data-e-type=\"section\" data-settings=\"{&quot;background_background&quot;:&quot;classic&quot;}\">\n\t\t\t\t\t\t<div class=\"elementor-container elementor-column-gap-default\">\n\t\t\t\t\t<div class=\"elementor-column elementor-col-100 elementor-top-column elementor-element elementor-element-1d513c2a\" data-id=\"1d513c2a\" data-element_type=\"column\" data-e-type=\"column\">\n\t\t\t<div class=\"elementor-widget-wrap elementor-element-populated\">\n\t\t\t\t\t\t<div class=\"elementor-element elementor-element-1da336e7 elementor-widget elementor-widget-heading\" data-id=\"1da336e7\" data-element_type=\"widget\" data-e-type=\"widget\" data-widget_type=\"heading.default\">\n\t\t\t\t<div class=\"elementor-widget-container\">\n\t\t\t\t\t<h1 class=\"elementor-heading-title elementor-size-default\">Ki\u1ebfn Th\u1ee9c<\/h1>\t\t\t\t<\/div>\n\t\t\t\t<\/div>\n\t\t\t\t<div class=\"elementor-element elementor-element-33db08f4 elementor-widget elementor-widget-heading\" data-id=\"33db08f4\" data-element_type=\"widget\" data-e-type=\"widget\" data-widget_type=\"heading.default\">\n\t\t\t\t<div class=\"elementor-widget-container\">\n\t\t\t\t\t<h4 class=\"elementor-heading-title elementor-size-default\">Nh\u1eefng th\u00f4ng tin c\u1eadp nh\u1eadt v\u1ec1 c\u00f4ng ngh\u1ec7 m\u1edbi v\u00e0 s\u1ea3n ph\u1ea9m m\u1edbi trong ng\u00e0nh gia c\u00f4ng kim lo\u1ea1i, t\u1ef1 \u0111\u1ed9ng h\u00f3a, intralogistics...<\/h4>\t\t\t\t<\/div>\n\t\t\t\t<\/div>\n\t\t\t\t\t<\/div>\n\t\t<\/div>\n\t\t\t\t\t<\/div>\n\t\t<\/section>\n\t\t\t\t<section class=\"elementor-section elementor-top-section elementor-element elementor-element-40901b0 elementor-section-boxed elementor-section-height-default elementor-section-height-default\" data-id=\"40901b0\" data-element_type=\"section\" data-e-type=\"section\">\n\t\t\t\t\t\t<div class=\"elementor-container elementor-column-gap-default\">\n\t\t\t\t\t<div class=\"elementor-column elementor-col-100 elementor-top-column elementor-element elementor-element-cdb528a\" data-id=\"cdb528a\" data-element_type=\"column\" data-e-type=\"column\">\n\t\t\t<div class=\"elementor-widget-wrap elementor-element-populated\">\n\t\t\t\t\t\t<div class=\"elementor-element elementor-element-8e4240d elementor-grid-3 elementor-grid-tablet-2 elementor-grid-mobile-1 elementor-posts--thumbnail-top elementor-card-shadow-yes elementor-posts__hover-gradient elementor-widget elementor-widget-posts\" data-id=\"8e4240d\" data-element_type=\"widget\" data-e-type=\"widget\" data-settings=\"{&quot;pagination_type&quot;:&quot;load_more_infinite_scroll&quot;,&quot;cards_masonry&quot;:&quot;yes&quot;,&quot;cards_columns&quot;:&quot;3&quot;,&quot;cards_columns_tablet&quot;:&quot;2&quot;,&quot;cards_columns_mobile&quot;:&quot;1&quot;,&quot;cards_row_gap&quot;:{&quot;unit&quot;:&quot;px&quot;,&quot;size&quot;:35,&quot;sizes&quot;:[]},&quot;cards_row_gap_tablet&quot;:{&quot;unit&quot;:&quot;px&quot;,&quot;size&quot;:&quot;&quot;,&quot;sizes&quot;:[]},&quot;cards_row_gap_mobile&quot;:{&quot;unit&quot;:&quot;px&quot;,&quot;size&quot;:&quot;&quot;,&quot;sizes&quot;:[]},&quot;load_more_spinner&quot;:{&quot;value&quot;:&quot;fas fa-spinner&quot;,&quot;library&quot;:&quot;fa-solid&quot;}}\" data-widget_type=\"posts.cards\">\n\t\t\t\t<div class=\"elementor-widget-container\">\n\t\t\t\t\t\t\t<div class=\"elementor-posts-container elementor-posts elementor-posts--skin-cards elementor-grid\" role=\"list\">\n\t\t\t\t<article class=\"elementor-post elementor-grid-item post-10529 thu-vien type-thu-vien status-publish has-post-thumbnail hentry category-intralogistics tag-agv-vi tag-amr-vi tag-mir-vi\" role=\"listitem\">\n\t\t\t<div class=\"elementor-post__card\">\n\t\t\t\t<a class=\"elementor-post__thumbnail__link\" href=\"https:\/\/tantheky.com\/vi\/thu-vien\/ung-dung-xe-tu-hanh-trong-benh-vien-p1\/\" tabindex=\"-1\" ><div class=\"elementor-post__thumbnail\"><img fetchpriority=\"high\" decoding=\"async\" width=\"1280\" height=\"720\" src=\"https:\/\/tantheky.com\/wp-content\/uploads\/mir-trong-benh-vien.jpg\" class=\"attachment-full size-full wp-image-10777\" alt=\"Xe t\u1ef1 h\u00e0nh MiR ho\u1ea1t \u0111\u1ed9ng trong b\u1ec7nh vi\u1ec7n\" srcset=\"https:\/\/tantheky.com\/wp-content\/uploads\/mir-trong-benh-vien.jpg 1280w, https:\/\/tantheky.com\/wp-content\/uploads\/mir-trong-benh-vien-300x169.jpg 300w, https:\/\/tantheky.com\/wp-content\/uploads\/mir-trong-benh-vien-1024x576.jpg 1024w, https:\/\/tantheky.com\/wp-content\/uploads\/mir-trong-benh-vien-768x432.jpg 768w, https:\/\/tantheky.com\/wp-content\/uploads\/mir-trong-benh-vien-184x104.jpg 184w, https:\/\/tantheky.com\/wp-content\/uploads\/mir-trong-benh-vien-500x281.jpg 500w\" sizes=\"(max-width: 1280px) 100vw, 1280px\" title=\"\"><\/div><\/a>\n\t\t\t\t<div class=\"elementor-post__badge\">Intralogistics<\/div>\n\t\t\t\t<div class=\"elementor-post__text\">\n\t\t\t\t<h2 class=\"elementor-post__title\">\n\t\t\t<a href=\"https:\/\/tantheky.com\/vi\/thu-vien\/ung-dung-xe-tu-hanh-trong-benh-vien-p1\/\" >\n\t\t\t\tT\u1ef1 \u0111\u1ed9ng h\u00f3a ng\u00e0nh y t\u1ebf: \u1ee8ng d\u1ee5ng xe t\u1ef1 h\u00e0nh AMR trong b\u1ec7nh vi\u1ec7n (Ph\u1ea7n 1)\t\t\t<\/a>\n\t\t<\/h2>\n\t\t\t\t<div class=\"elementor-post__excerpt\">\n\t\t\t<p>M\u1ed9t s\u1ed1 \u1ee9ng d\u1ee5ng c\u1ee7a robot t\u1ef1 h\u00e0nh AMR trong c\u00e1c b\u1ec7nh vi\u1ec7n \u0111\u1ec3 gi\u1ea3m b\u1edbt g\u00e1nh n\u1eb7ng qu\u00e1 t\u1ea3i cho ng\u00e0nh y t\u1ebf.<\/p>\t\t<\/div>\n\t\t\t\t<\/div>\n\t\t\t\t<div class=\"elementor-post__meta-data\">\n\t\t\t\t\t<span class=\"elementor-post-date\">\n\t\t\tSeptember 2022\t\t<\/span>\n\t\t\t\t<\/div>\n\t\t\t\t\t<\/div>\n\t\t<\/article>\n\t\t\t\t<article class=\"elementor-post elementor-grid-item post-10725 thu-vien type-thu-vien status-publish has-post-thumbnail hentry category-tu-dong-hoa tag-fanuc tag-robot-vi\" role=\"listitem\">\n\t\t\t<div class=\"elementor-post__card\">\n\t\t\t\t<a class=\"elementor-post__thumbnail__link\" href=\"https:\/\/tantheky.com\/vi\/thu-vien\/fanuc-xuat-xuong-robot-thu-750-nghin\/\" tabindex=\"-1\" ><div class=\"elementor-post__thumbnail\"><img decoding=\"async\" width=\"1280\" height=\"720\" src=\"https:\/\/tantheky.com\/wp-content\/uploads\/FANUC-robots-warehouse.jpg\" class=\"attachment-full size-full wp-image-10726\" alt=\"FANUC robots warehouse\" srcset=\"https:\/\/tantheky.com\/wp-content\/uploads\/FANUC-robots-warehouse.jpg 1280w, https:\/\/tantheky.com\/wp-content\/uploads\/FANUC-robots-warehouse-300x169.jpg 300w, https:\/\/tantheky.com\/wp-content\/uploads\/FANUC-robots-warehouse-1024x576.jpg 1024w, https:\/\/tantheky.com\/wp-content\/uploads\/FANUC-robots-warehouse-768x432.jpg 768w, https:\/\/tantheky.com\/wp-content\/uploads\/FANUC-robots-warehouse-184x104.jpg 184w, https:\/\/tantheky.com\/wp-content\/uploads\/FANUC-robots-warehouse-500x281.jpg 500w\" sizes=\"(max-width: 1280px) 100vw, 1280px\" title=\"\"><\/div><\/a>\n\t\t\t\t<div class=\"elementor-post__badge\">T\u1ef1 \u0110\u1ed9ng H\u00f3a<\/div>\n\t\t\t\t<div class=\"elementor-post__text\">\n\t\t\t\t<h2 class=\"elementor-post__title\">\n\t\t\t<a href=\"https:\/\/tantheky.com\/vi\/thu-vien\/fanuc-xuat-xuong-robot-thu-750-nghin\/\" >\n\t\t\t\tFANUC xu\u1ea5t x\u01b0\u1edfng robot th\u1ee9 750 ngh\u00ecn\t\t\t<\/a>\n\t\t<\/h2>\n\t\t\t\t<div class=\"elementor-post__excerpt\">\n\t\t\t<p>Th\u00e1ng 07.2022, FANUC (Nh\u1eadt B\u1ea3n) v\u1eeba xu\u1ea5t x\u01b0\u1edfng robot th\u1ee9 750 ngh\u00ecn &#8211; m\u1ed9t k\u1ef7 l\u1ee5c c\u1ee7a ng\u00e0nh s\u1ea3n xu\u1ea5t robot tr\u00ean th\u1ebf gi\u1edbi.<\/p>\t\t<\/div>\n\t\t\t\t<\/div>\n\t\t\t\t<div class=\"elementor-post__meta-data\">\n\t\t\t\t\t<span class=\"elementor-post-date\">\n\t\t\tSeptember 2022\t\t<\/span>\n\t\t\t\t<\/div>\n\t\t\t\t\t<\/div>\n\t\t<\/article>\n\t\t\t\t<article class=\"elementor-post elementor-grid-item post-10233 thu-vien type-thu-vien status-publish has-post-thumbnail hentry category-san-pham-moi tag-cobot tag-fanuc tag-robot-cong-tac\" role=\"listitem\">\n\t\t\t<div class=\"elementor-post__card\">\n\t\t\t\t<a class=\"elementor-post__thumbnail__link\" href=\"https:\/\/tantheky.com\/vi\/thu-vien\/robot-cong-tac-crx-fanuc-co-them-lua-chon\/\" tabindex=\"-1\" ><div class=\"elementor-post__thumbnail\"><img decoding=\"async\" width=\"1280\" height=\"720\" src=\"https:\/\/tantheky.com\/wp-content\/uploads\/fanuc-new-crx-lineup.jpg\" class=\"attachment-full size-full wp-image-10661\" alt=\"Robot c\u1ed9ng t\u00e1c FANUC CRX\" srcset=\"https:\/\/tantheky.com\/wp-content\/uploads\/fanuc-new-crx-lineup.jpg 1280w, https:\/\/tantheky.com\/wp-content\/uploads\/fanuc-new-crx-lineup-300x169.jpg 300w, https:\/\/tantheky.com\/wp-content\/uploads\/fanuc-new-crx-lineup-1024x576.jpg 1024w, https:\/\/tantheky.com\/wp-content\/uploads\/fanuc-new-crx-lineup-768x432.jpg 768w, https:\/\/tantheky.com\/wp-content\/uploads\/fanuc-new-crx-lineup-184x104.jpg 184w, https:\/\/tantheky.com\/wp-content\/uploads\/fanuc-new-crx-lineup-500x281.jpg 500w\" sizes=\"(max-width: 1280px) 100vw, 1280px\" title=\"\"><\/div><\/a>\n\t\t\t\t<div class=\"elementor-post__badge\">S\u1ea3n Ph\u1ea9m M\u1edbi<\/div>\n\t\t\t\t<div class=\"elementor-post__text\">\n\t\t\t\t<h2 class=\"elementor-post__title\">\n\t\t\t<a href=\"https:\/\/tantheky.com\/vi\/thu-vien\/robot-cong-tac-crx-fanuc-co-them-lua-chon\/\" >\n\t\t\t\tTh\u00eam l\u1ef1a ch\u1ecdn cho series robot c\u1ed9ng t\u00e1c CRX c\u1ee7a FANUC\t\t\t<\/a>\n\t\t<\/h2>\n\t\t\t\t<div class=\"elementor-post__excerpt\">\n\t\t\t<p>FANUC ra m\u1eaft th\u00eam 3 model CRX m\u1edbi b\u1ed5 sung th\u00eam l\u1ef1a ch\u1ecdn cho gi\u1ea3i s\u1ea3n ph\u1ea9m robot c\u1ed9ng t\u00e1c, \u0111\u00e1p \u1ee9ng m\u1ecdi nhu c\u1ea7u c\u1ee7a kh\u00e1ch h\u00e0ng.<\/p>\t\t<\/div>\n\t\t\t\t<\/div>\n\t\t\t\t<div class=\"elementor-post__meta-data\">\n\t\t\t\t\t<span class=\"elementor-post-date\">\n\t\t\tSeptember 2022\t\t<\/span>\n\t\t\t\t<\/div>\n\t\t\t\t\t<\/div>\n\t\t<\/article>\n\t\t\t\t<article class=\"elementor-post elementor-grid-item post-9925 thu-vien type-thu-vien status-publish has-post-thumbnail hentry category-intralogistics tag-agv-vi tag-agv-vs-amr tag-amr-vi tag-intralogistics tag-mir-vi\" role=\"listitem\">\n\t\t\t<div class=\"elementor-post__card\">\n\t\t\t\t<a class=\"elementor-post__thumbnail__link\" href=\"https:\/\/tantheky.com\/vi\/thu-vien\/5-diem-khac-giua-xe-tu-hanh-agv-va-amr\/\" tabindex=\"-1\" ><div class=\"elementor-post__thumbnail\"><img loading=\"lazy\" decoding=\"async\" width=\"1280\" height=\"720\" src=\"https:\/\/tantheky.com\/wp-content\/uploads\/agv-amr-mir-02.jpg\" class=\"attachment-full size-full wp-image-10450\" alt=\"\" srcset=\"https:\/\/tantheky.com\/wp-content\/uploads\/agv-amr-mir-02.jpg 1280w, https:\/\/tantheky.com\/wp-content\/uploads\/agv-amr-mir-02-300x169.jpg 300w, https:\/\/tantheky.com\/wp-content\/uploads\/agv-amr-mir-02-1024x576.jpg 1024w, https:\/\/tantheky.com\/wp-content\/uploads\/agv-amr-mir-02-768x432.jpg 768w, https:\/\/tantheky.com\/wp-content\/uploads\/agv-amr-mir-02-184x104.jpg 184w, https:\/\/tantheky.com\/wp-content\/uploads\/agv-amr-mir-02-500x281.jpg 500w\" sizes=\"(max-width: 1280px) 100vw, 1280px\" title=\"\"><\/div><\/a>\n\t\t\t\t<div class=\"elementor-post__badge\">Intralogistics<\/div>\n\t\t\t\t<div class=\"elementor-post__text\">\n\t\t\t\t<h2 class=\"elementor-post__title\">\n\t\t\t<a href=\"https:\/\/tantheky.com\/vi\/thu-vien\/5-diem-khac-giua-xe-tu-hanh-agv-va-amr\/\" >\n\t\t\t\tAGV v\u00e0 AMR &#8211; 5 \u0111i\u1ec3m kh\u00e1c bi\u1ec7t gi\u1eefa 2 c\u00f4ng ngh\u1ec7 xe t\u1ef1 h\u00e0nh\t\t\t<\/a>\n\t\t<\/h2>\n\t\t\t\t<div class=\"elementor-post__excerpt\">\n\t\t\t<p>Ph\u00e2n bi\u1ec7t nh\u1eefng \u0111i\u1ec3m kh\u00e1c nhau gi\u1eefa c\u00f4ng ngh\u1ec7 xe t\u1ef1 h\u00e0nh AGV \u0111\u00e3 l\u1ea1c h\u1eadu v\u00e0 c\u00f4ng ngh\u1ec7 robot t\u1ef1 h\u00e0nh AMR ti\u00ean ti\u1ebfn.<\/p>\t\t<\/div>\n\t\t\t\t<\/div>\n\t\t\t\t<div class=\"elementor-post__meta-data\">\n\t\t\t\t\t<span class=\"elementor-post-date\">\n\t\t\tAugust 2022\t\t<\/span>\n\t\t\t\t<\/div>\n\t\t\t\t\t<\/div>\n\t\t<\/article>\n\t\t\t\t<article class=\"elementor-post elementor-grid-item post-10283 thu-vien type-thu-vien status-publish has-post-thumbnail hentry category-cong-nghe-moi tag-gia-cong-kim-loai tag-pushcorp tag-robot-mai tag-tu-dong-hoa\" role=\"listitem\">\n\t\t\t<div class=\"elementor-post__card\">\n\t\t\t\t<a class=\"elementor-post__thumbnail__link\" href=\"https:\/\/tantheky.com\/vi\/thu-vien\/tu-dong-hoa-mai-trong-san-xuat\/\" tabindex=\"-1\" ><div class=\"elementor-post__thumbnail\"><img loading=\"lazy\" decoding=\"async\" width=\"1280\" height=\"720\" src=\"https:\/\/tantheky.com\/wp-content\/uploads\/metal-grinding.jpg\" class=\"attachment-full size-full wp-image-10317\" alt=\"\" srcset=\"https:\/\/tantheky.com\/wp-content\/uploads\/metal-grinding.jpg 1280w, https:\/\/tantheky.com\/wp-content\/uploads\/metal-grinding-300x169.jpg 300w, https:\/\/tantheky.com\/wp-content\/uploads\/metal-grinding-1024x576.jpg 1024w, https:\/\/tantheky.com\/wp-content\/uploads\/metal-grinding-768x432.jpg 768w, https:\/\/tantheky.com\/wp-content\/uploads\/metal-grinding-184x104.jpg 184w, https:\/\/tantheky.com\/wp-content\/uploads\/metal-grinding-500x281.jpg 500w\" sizes=\"(max-width: 1280px) 100vw, 1280px\" title=\"\"><\/div><\/a>\n\t\t\t\t<div class=\"elementor-post__badge\">C\u00f4ng Ngh\u1ec7 M\u1edbi<\/div>\n\t\t\t\t<div class=\"elementor-post__text\">\n\t\t\t\t<h2 class=\"elementor-post__title\">\n\t\t\t<a href=\"https:\/\/tantheky.com\/vi\/thu-vien\/tu-dong-hoa-mai-trong-san-xuat\/\" >\n\t\t\t\tB\u00e0i to\u00e1n t\u1ef1 \u0111\u1ed9ng h\u00f3a c\u00f4ng \u0111o\u1ea1n m\u00e0i trong s\u1ea3n xu\u1ea5t\t\t\t<\/a>\n\t\t<\/h2>\n\t\t\t\t<div class=\"elementor-post__excerpt\">\n\t\t\t<p>Th\u1ef1c tr\u1ea1ng thi\u1ebfu h\u1ee5t lao \u0111\u1ed9ng trong c\u00e1c ng\u00e0nh gia c\u00f4ng kim lo\u1ea1i c\u0169ng nh\u01b0 m\u00f4i tr\u01b0\u1eddng l\u00e0m vi\u1ec7c kh\u1eafc nhi\u1ec7t khi\u1ebfn vi\u1ec7c t\u1ef1 \u0111\u1ed9ng h\u00f3a c\u00f4ng \u0111o\u1ea1n m\u00e0i tr\u1edf n\u00ean c\u1ea5p b\u00e1ch.<\/p>\t\t<\/div>\n\t\t\t\t<\/div>\n\t\t\t\t<div class=\"elementor-post__meta-data\">\n\t\t\t\t\t<span class=\"elementor-post-date\">\n\t\t\tAugust 2022\t\t<\/span>\n\t\t\t\t<\/div>\n\t\t\t\t\t<\/div>\n\t\t<\/article>\n\t\t\t\t<article class=\"elementor-post elementor-grid-item post-9971 thu-vien type-thu-vien status-publish has-post-thumbnail hentry category-tu-dong-hoa tag-robot-hoa tag-xu-huong-thi-truong\" role=\"listitem\">\n\t\t\t<div class=\"elementor-post__card\">\n\t\t\t\t<a class=\"elementor-post__thumbnail__link\" href=\"https:\/\/tantheky.com\/vi\/thu-vien\/robot-xam-chiem-nha-may\/\" tabindex=\"-1\" ><div class=\"elementor-post__thumbnail\"><img loading=\"lazy\" decoding=\"async\" width=\"1280\" height=\"720\" src=\"https:\/\/tantheky.com\/wp-content\/uploads\/amazon-warehouse-robot-sorting-bin.jpg\" class=\"attachment-full size-full wp-image-10002\" alt=\"\" srcset=\"https:\/\/tantheky.com\/wp-content\/uploads\/amazon-warehouse-robot-sorting-bin.jpg 1280w, https:\/\/tantheky.com\/wp-content\/uploads\/amazon-warehouse-robot-sorting-bin-300x169.jpg 300w, https:\/\/tantheky.com\/wp-content\/uploads\/amazon-warehouse-robot-sorting-bin-1024x576.jpg 1024w, https:\/\/tantheky.com\/wp-content\/uploads\/amazon-warehouse-robot-sorting-bin-768x432.jpg 768w, https:\/\/tantheky.com\/wp-content\/uploads\/amazon-warehouse-robot-sorting-bin-184x104.jpg 184w, https:\/\/tantheky.com\/wp-content\/uploads\/amazon-warehouse-robot-sorting-bin-500x281.jpg 500w\" sizes=\"(max-width: 1280px) 100vw, 1280px\" title=\"\"><\/div><\/a>\n\t\t\t\t<div class=\"elementor-post__badge\">T\u1ef1 \u0110\u1ed9ng H\u00f3a<\/div>\n\t\t\t\t<div class=\"elementor-post__text\">\n\t\t\t\t<h2 class=\"elementor-post__title\">\n\t\t\t<a href=\"https:\/\/tantheky.com\/vi\/thu-vien\/robot-xam-chiem-nha-may\/\" >\n\t\t\t\tRobot &#8216;x\u00e2m chi\u1ebfm&#8217; c\u00e1c nh\u00e0 m\u00e1y\t\t\t<\/a>\n\t\t<\/h2>\n\t\t\t\t<div class=\"elementor-post__excerpt\">\n\t\t\t<p>\u0110\u01a1n \u0111\u1eb7t h\u00e0ng robot t\u1ea1i c\u00e1c c\u00f4ng ty M\u1ef9 t\u0103ng v\u1ecdt 40% \u0111\u1ea7u n\u0103m 2022, trong b\u1ed1i c\u1ea3nh doanh nghi\u1ec7p ch\u1eadt v\u1eadt t\u00ecm ki\u1ebfm nh\u00e2n c\u00f4ng.<\/p>\t\t<\/div>\n\t\t\t\t<\/div>\n\t\t\t\t<div class=\"elementor-post__meta-data\">\n\t\t\t\t\t<span class=\"elementor-post-date\">\n\t\t\tAugust 2022\t\t<\/span>\n\t\t\t\t<\/div>\n\t\t\t\t\t<\/div>\n\t\t<\/article>\n\t\t\t\t<\/div>\n\t\t\t\t\t<span class=\"e-load-more-spinner\">\n\t\t\t\t<i aria-hidden=\"true\" class=\"fas fa-spinner\"><\/i>\t\t\t<\/span>\n\t\t\n\t\t\t\t<div class=\"e-load-more-anchor\" data-page=\"1\" data-max-page=\"2\" data-next-page=\"https:\/\/tantheky.com\/vi\/wp-json\/wp\/v2\/pages\/9119\/page\/2\/\"><\/div>\n\t\t\t\t<div class=\"e-load-more-message\"><\/div>\n\t\t\t\t\t\t<\/div>\n\t\t\t\t<\/div>\n\t\t\t\t\t<\/div>\n\t\t<\/div>\n\t\t\t\t\t<\/div>\n\t\t<\/section>\n\t\t\t\t<\/div>\n\t\t","protected":false},"excerpt":{"rendered":"","protected":false},"author":1,"featured_media":0,"parent":0,"menu_order":0,"comment_status":"closed","ping_status":"closed","template":"","meta":{"_acf_changed":false,"site-sidebar-layout":"no-sidebar","site-content-layout":"page-builder","ast-site-content-layout":"default","site-content-style":"default","site-sidebar-style":"default","ast-global-header-display":"","ast-banner-title-visibility":"","ast-main-header-display":"","ast-hfb-above-header-display":"","ast-hfb-below-header-display":"","ast-hfb-mobile-header-display":"","site-post-title":"disabled","ast-breadcrumbs-content":"","ast-featured-img":"disabled","footer-sml-layout":"","ast-disable-related-posts":"","theme-transparent-header-meta":"","adv-header-id-meta":"","stick-header-meta":"","header-above-stick-meta":"","header-main-stick-meta":"","header-below-stick-meta":"","astra-migrate-meta-layouts":"default","ast-page-background-enabled":"default","ast-page-background-meta":{"desktop":{"background-color":"","background-image":"","background-repeat":"repeat","background-position":"center center","background-size":"auto","background-attachment":"scroll","background-type":"","background-media":"","overlay-type":"","overlay-color":"","overlay-opacity":"","overlay-gradient":""},"tablet":{"background-color":"","background-image":"","background-repeat":"repeat","background-position":"center center","background-size":"auto","background-attachment":"scroll","background-type":"","background-media":"","overlay-type":"","overlay-color":"","overlay-opacity":"","overlay-gradient":""},"mobile":{"background-color":"","background-image":"","background-repeat":"repeat","background-position":"center center","background-size":"auto","background-attachment":"scroll","background-type":"","background-media":"","overlay-type":"","overlay-color":"","overlay-opacity":"","overlay-gradient":""}},"ast-content-background-meta":{"desktop":{"background-color":"var(--ast-global-color-5)","background-image":"","background-repeat":"repeat","background-position":"center center","background-size":"auto","background-attachment":"scroll","background-type":"","background-media":"","overlay-type":"","overlay-color":"","overlay-opacity":"","overlay-gradient":""},"tablet":{"background-color":"var(--ast-global-color-5)","background-image":"","background-repeat":"repeat","background-position":"center center","background-size":"auto","background-attachment":"scroll","background-type":"","background-media":"","overlay-type":"","overlay-color":"","overlay-opacity":"","overlay-gradient":""},"mobile":{"background-color":"var(--ast-global-color-5)","background-image":"","background-repeat":"repeat","background-position":"center center","background-size":"auto","background-attachment":"scroll","background-type":"","background-media":"","overlay-type":"","overlay-color":"","overlay-opacity":"","overlay-gradient":""}},"footnotes":""},"class_list":["post-9119","page","type-page","status-publish","hentry"],"acf":[],"_links":{"self":[{"href":"https:\/\/tantheky.com\/vi\/wp-json\/wp\/v2\/pages\/9119","targetHints":{"allow":["GET"]}}],"collection":[{"href":"https:\/\/tantheky.com\/vi\/wp-json\/wp\/v2\/pages"}],"about":[{"href":"https:\/\/tantheky.com\/vi\/wp-json\/wp\/v2\/types\/page"}],"author":[{"embeddable":true,"href":"https:\/\/tantheky.com\/vi\/wp-json\/wp\/v2\/users\/1"}],"replies":[{"embeddable":true,"href":"https:\/\/tantheky.com\/vi\/wp-json\/wp\/v2\/comments?post=9119"}],"version-history":[{"count":0,"href":"https:\/\/tantheky.com\/vi\/wp-json\/wp\/v2\/pages\/9119\/revisions"}],"wp:attachment":[{"href":"https:\/\/tantheky.com\/vi\/wp-json\/wp\/v2\/media?parent=9119"}],"curies":[{"name":"wp","href":"https:\/\/api.w.org\/{rel}","templated":true}]}}