{"id":3168,"date":"2021-01-28T18:11:52","date_gmt":"2021-01-28T11:11:52","guid":{"rendered":"https:\/\/tantheky.com\/may-han\/"},"modified":"2022-08-21T19:02:09","modified_gmt":"2022-08-21T12:02:09","slug":"may-han","status":"publish","type":"page","link":"https:\/\/tantheky.com\/vi\/may-han\/","title":{"rendered":"M\u00e1y H\u00e0n"},"content":{"rendered":"\t\t<div data-elementor-type=\"wp-page\" data-elementor-id=\"3168\" class=\"elementor elementor-3168 elementor-2202\" data-elementor-post-type=\"page\">\n\t\t\t\t\t\t<section class=\"elementor-section elementor-top-section elementor-element elementor-element-2671091b elementor-section-height-min-height elementor-section-boxed elementor-section-height-default elementor-section-items-middle\" data-id=\"2671091b\" data-element_type=\"section\" data-e-type=\"section\" data-settings=\"{&quot;background_background&quot;:&quot;classic&quot;}\">\n\t\t\t\t\t\t<div class=\"elementor-container elementor-column-gap-default\">\n\t\t\t\t\t<div class=\"elementor-column elementor-col-100 elementor-top-column elementor-element elementor-element-33462fb0\" data-id=\"33462fb0\" data-element_type=\"column\" data-e-type=\"column\">\n\t\t\t<div class=\"elementor-widget-wrap elementor-element-populated\">\n\t\t\t\t\t\t<div class=\"elementor-element elementor-element-239e14a7 elementor-widget elementor-widget-heading\" data-id=\"239e14a7\" data-element_type=\"widget\" data-e-type=\"widget\" data-widget_type=\"heading.default\">\n\t\t\t\t<div class=\"elementor-widget-container\">\n\t\t\t\t\t<h1 class=\"elementor-heading-title elementor-size-default\">M\u00e1y H\u00e0n<\/h1>\t\t\t\t<\/div>\n\t\t\t\t<\/div>\n\t\t\t\t<div class=\"elementor-element elementor-element-22d5972c elementor-widget elementor-widget-heading\" data-id=\"22d5972c\" data-element_type=\"widget\" data-e-type=\"widget\" data-widget_type=\"heading.default\">\n\t\t\t\t<div class=\"elementor-widget-container\">\n\t\t\t\t\t<h4 class=\"elementor-heading-title elementor-size-default\">M\u00e1y h\u00e0n t\u1eeb nh\u1eefng nh\u00e0 s\u1ea3n xu\u1ea5t h\u00e0ng \u0111\u1ea7u th\u1ebf gi\u1edbi nh\u01b0: OTC Daihen, Fronius, NSW...<\/h4>\t\t\t\t<\/div>\n\t\t\t\t<\/div>\n\t\t\t\t\t<\/div>\n\t\t<\/div>\n\t\t\t\t\t<\/div>\n\t\t<\/section>\n\t\t\t\t<section class=\"elementor-section elementor-top-section elementor-element elementor-element-29242546 elementor-section-boxed elementor-section-height-default elementor-section-height-default\" data-id=\"29242546\" data-element_type=\"section\" data-e-type=\"section\">\n\t\t\t\t\t\t<div class=\"elementor-container elementor-column-gap-default\">\n\t\t\t\t\t<div class=\"elementor-column elementor-col-100 elementor-top-column elementor-element elementor-element-68389e3e\" data-id=\"68389e3e\" data-element_type=\"column\" data-e-type=\"column\">\n\t\t\t<div class=\"elementor-widget-wrap elementor-element-populated\">\n\t\t\t\t\t\t<div class=\"elementor-element elementor-element-21a22b2 elementor-widget elementor-widget-heading\" data-id=\"21a22b2\" data-element_type=\"widget\" data-e-type=\"widget\" data-widget_type=\"heading.default\">\n\t\t\t\t<div class=\"elementor-widget-container\">\n\t\t\t\t\t<h2 class=\"elementor-heading-title elementor-size-default\">M\u00c1Y H\u00c0N MIG\/MAG (K\u1ebft n\u1ed1i robot)<\/h2>\t\t\t\t<\/div>\n\t\t\t\t<\/div>\n\t\t\t\t\t<\/div>\n\t\t<\/div>\n\t\t\t\t\t<\/div>\n\t\t<\/section>\n\t\t\t\t<section class=\"elementor-section elementor-top-section elementor-element elementor-element-5d2a9a2f elementor-section-boxed elementor-section-height-default elementor-section-height-default\" data-id=\"5d2a9a2f\" data-element_type=\"section\" data-e-type=\"section\">\n\t\t\t\t\t\t<div class=\"elementor-container elementor-column-gap-default\">\n\t\t\t\t\t<div class=\"elementor-column elementor-col-100 elementor-top-column elementor-element elementor-element-9df143d\" data-id=\"9df143d\" data-element_type=\"column\" data-e-type=\"column\">\n\t\t\t<div class=\"elementor-widget-wrap elementor-element-populated\">\n\t\t\t\t\t\t<div class=\"elementor-element elementor-element-d83d474 elementor-widget elementor-widget-heading\" data-id=\"d83d474\" data-element_type=\"widget\" data-e-type=\"widget\" data-widget_type=\"heading.default\">\n\t\t\t\t<div class=\"elementor-widget-container\">\n\t\t\t\t\t<h2 class=\"elementor-heading-title elementor-size-default\">M\u00c1Y H\u00c0N TIG (K\u1ebft n\u1ed1i robot)<\/h2>\t\t\t\t<\/div>\n\t\t\t\t<\/div>\n\t\t\t\t\t<\/div>\n\t\t<\/div>\n\t\t\t\t\t<\/div>\n\t\t<\/section>\n\t\t\t\t<section class=\"elementor-section elementor-top-section elementor-element elementor-element-312122f elementor-section-boxed elementor-section-height-default elementor-section-height-default\" data-id=\"312122f\" data-element_type=\"section\" data-e-type=\"section\">\n\t\t\t\t\t\t<div class=\"elementor-container elementor-column-gap-default\">\n\t\t\t\t\t<div class=\"elementor-column elementor-col-100 elementor-top-column elementor-element elementor-element-932493a\" data-id=\"932493a\" data-element_type=\"column\" data-e-type=\"column\">\n\t\t\t<div class=\"elementor-widget-wrap elementor-element-populated\">\n\t\t\t\t\t\t<div class=\"elementor-element elementor-element-0c28635 elementor-widget elementor-widget-heading\" data-id=\"0c28635\" data-element_type=\"widget\" data-e-type=\"widget\" data-widget_type=\"heading.default\">\n\t\t\t\t<div class=\"elementor-widget-container\">\n\t\t\t\t\t<h2 class=\"elementor-heading-title elementor-size-default\">M\u00c1Y H\u00c0N PLASMA (K\u1ebft n\u1ed1i robot)<\/h2>\t\t\t\t<\/div>\n\t\t\t\t<\/div>\n\t\t\t\t\t<\/div>\n\t\t<\/div>\n\t\t\t\t\t<\/div>\n\t\t<\/section>\n\t\t\t\t<section class=\"elementor-section elementor-top-section elementor-element elementor-element-cdd300d elementor-section-boxed elementor-section-height-default elementor-section-height-default\" data-id=\"cdd300d\" data-element_type=\"section\" data-e-type=\"section\">\n\t\t\t\t\t\t<div class=\"elementor-container elementor-column-gap-default\">\n\t\t\t\t\t<div class=\"elementor-column elementor-col-100 elementor-top-column elementor-element elementor-element-e234283\" data-id=\"e234283\" data-element_type=\"column\" data-e-type=\"column\">\n\t\t\t<div class=\"elementor-widget-wrap elementor-element-populated\">\n\t\t\t\t\t\t<div class=\"elementor-element elementor-element-b0f6d73 elementor-widget elementor-widget-heading\" data-id=\"b0f6d73\" data-element_type=\"widget\" data-e-type=\"widget\" data-widget_type=\"heading.default\">\n\t\t\t\t<div class=\"elementor-widget-container\">\n\t\t\t\t\t<h2 class=\"elementor-heading-title elementor-size-default\">C\u00e1c lo\u1ea1i m\u00e1y h\u00e0n kh\u00e1c (H\u00e0n tay)<\/h2>\t\t\t\t<\/div>\n\t\t\t\t<\/div>\n\t\t\t\t<div class=\"elementor-element elementor-element-2b65e67 elementor-grid-5 elementor-grid-tablet-3 elementor-grid-mobile-2 elementor-products-grid elementor-wc-products elementor-widget elementor-widget-wc-categories\" data-id=\"2b65e67\" data-element_type=\"widget\" data-e-type=\"widget\" data-widget_type=\"wc-categories.default\">\n\t\t\t\t<div class=\"elementor-widget-container\">\n\t\t\t\t\t<div class=\"woocommerce columns-5\"><ul class=\"products elementor-grid columns-5\">\n<li class=\"product-category product first\">\n\t<a aria-label=\"Visit product category C\u1eaft Plasma\" href=\"https:\/\/tantheky.com\/vi\/c\/otc-daihen\/plasma-cutting\/\"><img decoding=\"async\" src=\"https:\/\/tantheky.com\/wp-content\/uploads\/d-12000-300x300.jpg\" alt=\"C\u1eaft Plasma\" width=\"300\" height=\"\" srcset=\"https:\/\/tantheky.com\/wp-content\/uploads\/d-12000-300x300.jpg 300w, https:\/\/tantheky.com\/wp-content\/uploads\/d-12000-100x100.jpg 100w, https:\/\/tantheky.com\/wp-content\/uploads\/d-12000-500x500.jpg 500w, https:\/\/tantheky.com\/wp-content\/uploads\/d-12000-150x150.jpg 150w, https:\/\/tantheky.com\/wp-content\/uploads\/d-12000.jpg 700w\" sizes=\"(max-width: 300px) 100vw, 300px\" title=\"\">\t\t<h2 class=\"woocommerce-loop-category__title\">\n\t\t\tC\u1eaft Plasma<mark class=\"count\">2 Products<\/mark>\t\t<\/h2>\n\t\t<\/a><\/li>\n<li class=\"product-category product\">\n\t<a aria-label=\"Visit product category CO2 \/ MIG \/ MAG\" href=\"https:\/\/tantheky.com\/vi\/c\/otc-daihen\/co2-mig-mag\/\"><img decoding=\"async\" src=\"https:\/\/tantheky.com\/wp-content\/uploads\/xd500ii-300x300.jpg\" alt=\"CO2 \/ MIG \/ MAG\" width=\"300\" height=\"\" srcset=\"https:\/\/tantheky.com\/wp-content\/uploads\/xd500ii-300x300.jpg 300w, https:\/\/tantheky.com\/wp-content\/uploads\/xd500ii-100x100.jpg 100w, https:\/\/tantheky.com\/wp-content\/uploads\/xd500ii-500x500.jpg 500w, https:\/\/tantheky.com\/wp-content\/uploads\/xd500ii-150x150.jpg 150w, https:\/\/tantheky.com\/wp-content\/uploads\/xd500ii.jpg 600w\" sizes=\"(max-width: 300px) 100vw, 300px\" title=\"\">\t\t<h2 class=\"woocommerce-loop-category__title\">\n\t\t\tCO2 \/ MIG \/ MAG<mark class=\"count\">5 Products<\/mark>\t\t<\/h2>\n\t\t<\/a><\/li>\n<li class=\"product-category product\">\n\t<a aria-label=\"Visit product category M\u00e1y H\u00e0n Bu L\u00f4ng\" href=\"https:\/\/tantheky.com\/vi\/c\/nihon-flash\/stud-welder\/\"><img decoding=\"async\" src=\"https:\/\/tantheky.com\/wp-content\/uploads\/pro-fs-1000gx-300x300.jpg\" alt=\"M\u00e1y H\u00e0n Bu L\u00f4ng\" width=\"300\" height=\"\" srcset=\"https:\/\/tantheky.com\/wp-content\/uploads\/pro-fs-1000gx-300x300.jpg 300w, https:\/\/tantheky.com\/wp-content\/uploads\/pro-fs-1000gx-100x100.jpg 100w, https:\/\/tantheky.com\/wp-content\/uploads\/pro-fs-1000gx-500x500.jpg 500w, https:\/\/tantheky.com\/wp-content\/uploads\/pro-fs-1000gx-150x150.jpg 150w, https:\/\/tantheky.com\/wp-content\/uploads\/pro-fs-1000gx.jpg 700w\" sizes=\"(max-width: 300px) 100vw, 300px\" title=\"\">\t\t<h2 class=\"woocommerce-loop-category__title\">\n\t\t\tM\u00e1y H\u00e0n Bu L\u00f4ng<mark class=\"count\">3 Products<\/mark>\t\t<\/h2>\n\t\t<\/a><\/li>\n<li class=\"product-category product\">\n\t<a aria-label=\"Visit product category Que\" href=\"https:\/\/tantheky.com\/vi\/c\/otc-daihen\/que\/\"><img decoding=\"async\" src=\"https:\/\/tantheky.com\/wp-content\/uploads\/vr-400-300x300.jpg\" alt=\"Que\" width=\"300\" height=\"\" srcset=\"https:\/\/tantheky.com\/wp-content\/uploads\/vr-400-300x300.jpg 300w, https:\/\/tantheky.com\/wp-content\/uploads\/vr-400-100x100.jpg 100w, https:\/\/tantheky.com\/wp-content\/uploads\/vr-400-500x500.jpg 500w, https:\/\/tantheky.com\/wp-content\/uploads\/vr-400-150x150.jpg 150w, https:\/\/tantheky.com\/wp-content\/uploads\/vr-400.jpg 700w\" sizes=\"(max-width: 300px) 100vw, 300px\" title=\"\">\t\t<h2 class=\"woocommerce-loop-category__title\">\n\t\t\tQue<mark class=\"count\">6 Products<\/mark>\t\t<\/h2>\n\t\t<\/a><\/li>\n<li class=\"product-category product last\">\n\t<a aria-label=\"Visit product category TIG\" href=\"https:\/\/tantheky.com\/vi\/c\/otc-daihen\/tig\/\"><img decoding=\"async\" src=\"https:\/\/tantheky.com\/wp-content\/uploads\/accutig-300p-300x300.jpg\" alt=\"TIG\" width=\"300\" height=\"\" srcset=\"https:\/\/tantheky.com\/wp-content\/uploads\/accutig-300p-300x300.jpg 300w, https:\/\/tantheky.com\/wp-content\/uploads\/accutig-300p-100x100.jpg 100w, https:\/\/tantheky.com\/wp-content\/uploads\/accutig-300p-500x500.jpg 500w, https:\/\/tantheky.com\/wp-content\/uploads\/accutig-300p-150x150.jpg 150w, https:\/\/tantheky.com\/wp-content\/uploads\/accutig-300p.jpg 700w\" sizes=\"(max-width: 300px) 100vw, 300px\" title=\"\">\t\t<h2 class=\"woocommerce-loop-category__title\">\n\t\t\tTIG<mark class=\"count\">3 Products<\/mark>\t\t<\/h2>\n\t\t<\/a><\/li>\n<\/ul>\n<\/div>\t\t\t\t<\/div>\n\t\t\t\t<\/div>\n\t\t\t\t\t<\/div>\n\t\t<\/div>\n\t\t\t\t\t<\/div>\n\t\t<\/section>\n\t\t\t\t<\/div>\n\t\t","protected":false},"excerpt":{"rendered":"<p>M\u00c1Y H\u00c0N MIG\/MAG (K\u1ebft n\u1ed1i robot) M\u00c1Y H\u00c0N TIG (K\u1ebft n\u1ed1i robot) M\u00c1Y H\u00c0N PLASMA (K\u1ebft n\u1ed1i robot) C\u00e1c lo\u1ea1i m\u00e1y h\u00e0n kh\u00e1c (H\u00e0n tay)<\/p>\n","protected":false},"author":1,"featured_media":0,"parent":0,"menu_order":0,"comment_status":"closed","ping_status":"closed","template":"","meta":{"_acf_changed":false,"site-sidebar-layout":"no-sidebar","site-content-layout":"page-builder","ast-site-content-layout":"default","site-content-style":"default","site-sidebar-style":"default","ast-global-header-display":"","ast-banner-title-visibility":"","ast-main-header-display":"","ast-hfb-above-header-display":"","ast-hfb-below-header-display":"","ast-hfb-mobile-header-display":"","site-post-title":"disabled","ast-breadcrumbs-content":"","ast-featured-img":"disabled","footer-sml-layout":"","ast-disable-related-posts":"","theme-transparent-header-meta":"default","adv-header-id-meta":"","stick-header-meta":"default","header-above-stick-meta":"","header-main-stick-meta":"","header-below-stick-meta":"","astra-migrate-meta-layouts":"default","ast-page-background-enabled":"default","ast-page-background-meta":{"desktop":{"background-color":"","background-image":"","background-repeat":"repeat","background-position":"center center","background-size":"auto","background-attachment":"scroll","background-type":"","background-media":"","overlay-type":"","overlay-color":"","overlay-opacity":"","overlay-gradient":""},"tablet":{"background-color":"","background-image":"","background-repeat":"repeat","background-position":"center center","background-size":"auto","background-attachment":"scroll","background-type":"","background-media":"","overlay-type":"","overlay-color":"","overlay-opacity":"","overlay-gradient":""},"mobile":{"background-color":"","background-image":"","background-repeat":"repeat","background-position":"center center","background-size":"auto","background-attachment":"scroll","background-type":"","background-media":"","overlay-type":"","overlay-color":"","overlay-opacity":"","overlay-gradient":""}},"ast-content-background-meta":{"desktop":{"background-color":"var(--ast-global-color-5)","background-image":"","background-repeat":"repeat","background-position":"center center","background-size":"auto","background-attachment":"scroll","background-type":"","background-media":"","overlay-type":"","overlay-color":"","overlay-opacity":"","overlay-gradient":""},"tablet":{"background-color":"var(--ast-global-color-5)","background-image":"","background-repeat":"repeat","background-position":"center center","background-size":"auto","background-attachment":"scroll","background-type":"","background-media":"","overlay-type":"","overlay-color":"","overlay-opacity":"","overlay-gradient":""},"mobile":{"background-color":"var(--ast-global-color-5)","background-image":"","background-repeat":"repeat","background-position":"center center","background-size":"auto","background-attachment":"scroll","background-type":"","background-media":"","overlay-type":"","overlay-color":"","overlay-opacity":"","overlay-gradient":""}},"footnotes":""},"class_list":["post-3168","page","type-page","status-publish","hentry"],"acf":[],"_links":{"self":[{"href":"https:\/\/tantheky.com\/vi\/wp-json\/wp\/v2\/pages\/3168","targetHints":{"allow":["GET"]}}],"collection":[{"href":"https:\/\/tantheky.com\/vi\/wp-json\/wp\/v2\/pages"}],"about":[{"href":"https:\/\/tantheky.com\/vi\/wp-json\/wp\/v2\/types\/page"}],"author":[{"embeddable":true,"href":"https:\/\/tantheky.com\/vi\/wp-json\/wp\/v2\/users\/1"}],"replies":[{"embeddable":true,"href":"https:\/\/tantheky.com\/vi\/wp-json\/wp\/v2\/comments?post=3168"}],"version-history":[{"count":0,"href":"https:\/\/tantheky.com\/vi\/wp-json\/wp\/v2\/pages\/3168\/revisions"}],"wp:attachment":[{"href":"https:\/\/tantheky.com\/vi\/wp-json\/wp\/v2\/media?parent=3168"}],"curies":[{"name":"wp","href":"https:\/\/api.w.org\/{rel}","templated":true}]}}