{"id":2149,"date":"2021-01-19T11:28:13","date_gmt":"2021-01-19T04:28:13","guid":{"rendered":"https:\/\/nci.ltd\/he-thong-han\/"},"modified":"2022-08-23T08:49:09","modified_gmt":"2022-08-23T01:49:09","slug":"he-thong-han","status":"publish","type":"page","link":"https:\/\/tantheky.com\/vi\/he-thong-han\/","title":{"rendered":"H\u1ec7 th\u1ed1ng h\u00e0n"},"content":{"rendered":"\t\t<div data-elementor-type=\"wp-page\" data-elementor-id=\"2149\" class=\"elementor elementor-2149 elementor-1420\" data-elementor-post-type=\"page\">\n\t\t\t\t\t\t<section class=\"elementor-section elementor-top-section elementor-element elementor-element-28422741 elementor-section-height-min-height elementor-section-boxed elementor-section-height-default elementor-section-items-middle\" data-id=\"28422741\" data-element_type=\"section\" data-e-type=\"section\" data-settings=\"{&quot;background_background&quot;:&quot;classic&quot;}\">\n\t\t\t\t\t\t<div class=\"elementor-container elementor-column-gap-default\">\n\t\t\t\t\t<div class=\"elementor-column elementor-col-100 elementor-top-column elementor-element elementor-element-4413b519\" data-id=\"4413b519\" data-element_type=\"column\" data-e-type=\"column\">\n\t\t\t<div class=\"elementor-widget-wrap elementor-element-populated\">\n\t\t\t\t\t\t<div class=\"elementor-element elementor-element-7b4968a3 elementor-widget elementor-widget-heading\" data-id=\"7b4968a3\" data-element_type=\"widget\" data-e-type=\"widget\" data-widget_type=\"heading.default\">\n\t\t\t\t<div class=\"elementor-widget-container\">\n\t\t\t\t\t<h1 class=\"elementor-heading-title elementor-size-default\">Tr\u1ecdn G\u00f3i Gi\u1ea3i Ph\u00e1p Ng\u00e0nh H\u00e0n<\/h1>\t\t\t\t<\/div>\n\t\t\t\t<\/div>\n\t\t\t\t<div class=\"elementor-element elementor-element-5432fb67 elementor-widget elementor-widget-heading\" data-id=\"5432fb67\" data-element_type=\"widget\" data-e-type=\"widget\" data-widget_type=\"heading.default\">\n\t\t\t\t<div class=\"elementor-widget-container\">\n\t\t\t\t\t<h4 class=\"elementor-heading-title elementor-size-default\">Your one-stop shop for all welding demands.<\/h4>\t\t\t\t<\/div>\n\t\t\t\t<\/div>\n\t\t\t\t\t<\/div>\n\t\t<\/div>\n\t\t\t\t\t<\/div>\n\t\t<\/section>\n\t\t\t\t<section class=\"elementor-section elementor-top-section elementor-element elementor-element-ae6fe25 elementor-section-content-middle elementor-section-boxed elementor-section-height-default elementor-section-height-default\" data-id=\"ae6fe25\" data-element_type=\"section\" data-e-type=\"section\">\n\t\t\t\t\t\t<div class=\"elementor-container elementor-column-gap-default\">\n\t\t\t\t\t<div class=\"elementor-column elementor-col-50 elementor-top-column elementor-element elementor-element-4a7f6a7\" data-id=\"4a7f6a7\" data-element_type=\"column\" data-e-type=\"column\">\n\t\t\t<div class=\"elementor-widget-wrap elementor-element-populated\">\n\t\t\t\t\t\t<div class=\"elementor-element elementor-element-4cd281c elementor-widget elementor-widget-image\" data-id=\"4cd281c\" data-element_type=\"widget\" data-e-type=\"widget\" data-widget_type=\"image.default\">\n\t\t\t\t<div class=\"elementor-widget-container\">\n\t\t\t\t\t\t\t\t\t\t\t\t\t\t\t<img fetchpriority=\"high\" decoding=\"async\" width=\"358\" height=\"500\" src=\"https:\/\/tantheky.com\/wp-content\/uploads\/welding-system-top.jpg\" class=\"attachment-medium_large size-medium_large wp-image-2545\" alt=\"\" srcset=\"https:\/\/tantheky.com\/wp-content\/uploads\/welding-system-top.jpg 358w, https:\/\/tantheky.com\/wp-content\/uploads\/welding-system-top-300x419.jpg 300w, https:\/\/tantheky.com\/wp-content\/uploads\/welding-system-top-215x300.jpg 215w\" sizes=\"(max-width: 358px) 100vw, 358px\" title=\"\">\t\t\t\t\t\t\t\t\t\t\t\t\t\t\t<\/div>\n\t\t\t\t<\/div>\n\t\t\t\t\t<\/div>\n\t\t<\/div>\n\t\t\t\t<div class=\"elementor-column elementor-col-50 elementor-top-column elementor-element elementor-element-08d12fd\" data-id=\"08d12fd\" data-element_type=\"column\" data-e-type=\"column\">\n\t\t\t<div class=\"elementor-widget-wrap elementor-element-populated\">\n\t\t\t\t\t\t<div class=\"elementor-element elementor-element-9df2229 elementor-widget elementor-widget-heading\" data-id=\"9df2229\" data-element_type=\"widget\" data-e-type=\"widget\" data-widget_type=\"heading.default\">\n\t\t\t\t<div class=\"elementor-widget-container\">\n\t\t\t\t\t<h3 class=\"elementor-heading-title elementor-size-large\">Keep It All Together With One Seamless System.<\/h3>\t\t\t\t<\/div>\n\t\t\t\t<\/div>\n\t\t\t\t<div class=\"elementor-element elementor-element-032e6e8 elementor-widget elementor-widget-text-editor\" data-id=\"032e6e8\" data-element_type=\"widget\" data-e-type=\"widget\" data-widget_type=\"text-editor.default\">\n\t\t\t\t<div class=\"elementor-widget-container\">\n\t\t\t\t\t\t\t\t\tThi\u1ebft b\u1ecb NCI cung c\u1ea5p s\u1eed d\u1ee5ng c\u00f4ng ngh\u1ec7 ti\u00ean ti\u1ebfn nh\u1ea5t tr\u00ean th\u1ebf gi\u1edbi trong ng\u00e0nh h\u00e0n, v\u1edbi c\u00e1c t\u00ednh n\u0103ng v\u00e0 giao di\u1ec7n th\u00e2n thi\u1ec7n v\u1edbi ng\u01b0\u1eddi d\u00f9ng, cho ph\u00e9p t\u1eeb nh\u1eefng th\u1ee3 h\u00e0n c\u00f3 kinh nghi\u1ec7m \u0111\u1ebfn ng\u01b0\u1eddi m\u1edbi l\u00e0m quen \u0111\u1ea1t \u0111\u01b0\u1ee3c ch\u1ea5t l\u01b0\u1ee3ng cao, \u1ed5n \u0111\u1ecbnh, v\u1edbi hi\u1ec7u qu\u1ea3 v\u01b0\u1ee3t tr\u1ed9i.\t\t\t\t\t\t\t\t<\/div>\n\t\t\t\t<\/div>\n\t\t\t\t<div class=\"elementor-element elementor-element-8e87858 elementor-widget elementor-widget-spacer\" data-id=\"8e87858\" data-element_type=\"widget\" data-e-type=\"widget\" data-widget_type=\"spacer.default\">\n\t\t\t\t<div class=\"elementor-widget-container\">\n\t\t\t\t\t\t\t<div class=\"elementor-spacer\">\n\t\t\t<div class=\"elementor-spacer-inner\"><\/div>\n\t\t<\/div>\n\t\t\t\t\t\t<\/div>\n\t\t\t\t<\/div>\n\t\t\t\t<div class=\"elementor-element elementor-element-83c1cd3 elementor-widget elementor-widget-heading\" data-id=\"83c1cd3\" data-element_type=\"widget\" data-e-type=\"widget\" data-widget_type=\"heading.default\">\n\t\t\t\t<div class=\"elementor-widget-container\">\n\t\t\t\t\t<h3 class=\"elementor-heading-title elementor-size-large\">Nh\u1eefng S\u1ea3n Ph\u1ea9m C\u1ee7a Ch\u00fang T\u00f4i:<\/h3>\t\t\t\t<\/div>\n\t\t\t\t<\/div>\n\t\t\t\t<div class=\"elementor-element elementor-element-0c7103d elementor-widget elementor-widget-text-editor\" data-id=\"0c7103d\" data-element_type=\"widget\" data-e-type=\"widget\" data-widget_type=\"text-editor.default\">\n\t\t\t\t<div class=\"elementor-widget-container\">\n\t\t\t\t\t\t\t\t\t<a href=\"https:\/\/tantheky.com\/vi\/robot-han\/\">Robot h\u00e0n<\/a><br>\r\nT\u1ee7 \u0111i\u1ec1u khi\u1ec3n robot<br>\r\n<a href=\"https:\/\/tantheky.com\/vi\/may-han\/\">Ngu\u1ed3n h\u00e0n<\/a><br>\r\n<a href=\"https:\/\/tantheky.com\/vi\/do-ga\/\">\u0110\u1ed3 g\u00e1<\/a><br>\r\nThi\u1ebft b\u1ecb ngo\u1ea1i vi<br>\r\nC\u1ea3m bi\u1ebfn<br>\r\nV\u1eadt li\u1ec7u h\u00e0n<br>\t\t\t\t\t\t\t\t<\/div>\n\t\t\t\t<\/div>\n\t\t\t\t\t<\/div>\n\t\t<\/div>\n\t\t\t\t\t<\/div>\n\t\t<\/section>\n\t\t\t\t<section class=\"elementor-section elementor-top-section elementor-element elementor-element-f934d4e elementor-section-boxed elementor-section-height-default elementor-section-height-default\" data-id=\"f934d4e\" data-element_type=\"section\" data-e-type=\"section\">\n\t\t\t\t\t\t<div class=\"elementor-container elementor-column-gap-wider\">\n\t\t\t\t\t<div class=\"elementor-column elementor-col-100 elementor-top-column elementor-element elementor-element-979771a\" data-id=\"979771a\" data-element_type=\"column\" data-e-type=\"column\">\n\t\t\t<div class=\"elementor-widget-wrap elementor-element-populated\">\n\t\t\t\t\t\t<div class=\"elementor-element elementor-element-364692b elementor-widget elementor-widget-image\" data-id=\"364692b\" data-element_type=\"widget\" data-e-type=\"widget\" data-widget_type=\"image.default\">\n\t\t\t\t<div class=\"elementor-widget-container\">\n\t\t\t\t\t\t\t\t\t\t\t\t\t\t\t<img decoding=\"async\" width=\"1200\" height=\"338\" src=\"https:\/\/tantheky.com\/wp-content\/uploads\/products-robotics-lineup.jpg\" class=\"attachment-full size-full wp-image-2539\" alt=\"\" srcset=\"https:\/\/tantheky.com\/wp-content\/uploads\/products-robotics-lineup.jpg 1200w, https:\/\/tantheky.com\/wp-content\/uploads\/products-robotics-lineup-300x85.jpg 300w, https:\/\/tantheky.com\/wp-content\/uploads\/products-robotics-lineup-500x141.jpg 500w, https:\/\/tantheky.com\/wp-content\/uploads\/products-robotics-lineup-1024x288.jpg 1024w, https:\/\/tantheky.com\/wp-content\/uploads\/products-robotics-lineup-768x216.jpg 768w\" sizes=\"(max-width: 1200px) 100vw, 1200px\" title=\"\">\t\t\t\t\t\t\t\t\t\t\t\t\t\t\t<\/div>\n\t\t\t\t<\/div>\n\t\t\t\t\t<\/div>\n\t\t<\/div>\n\t\t\t\t\t<\/div>\n\t\t<\/section>\n\t\t\t\t<section class=\"elementor-section elementor-top-section elementor-element elementor-element-079c100 elementor-section-boxed elementor-section-height-default elementor-section-height-default\" data-id=\"079c100\" data-element_type=\"section\" data-e-type=\"section\">\n\t\t\t\t\t\t<div class=\"elementor-container elementor-column-gap-default\">\n\t\t\t\t\t<div class=\"elementor-column elementor-col-100 elementor-top-column elementor-element elementor-element-72b9df8\" data-id=\"72b9df8\" data-element_type=\"column\" data-e-type=\"column\">\n\t\t\t<div class=\"elementor-widget-wrap elementor-element-populated\">\n\t\t\t\t\t\t<div class=\"elementor-element elementor-element-4bbd647 elementor-widget elementor-widget-heading\" data-id=\"4bbd647\" data-element_type=\"widget\" data-e-type=\"widget\" data-widget_type=\"heading.default\">\n\t\t\t\t<div class=\"elementor-widget-container\">\n\t\t\t\t\t<h2 class=\"elementor-heading-title elementor-size-default\">INDUSTRY-LEADING TECHNOLOGY. CUTTING-EDGE ROBOTICS.<\/h2>\t\t\t\t<\/div>\n\t\t\t\t<\/div>\n\t\t\t\t<div class=\"elementor-element elementor-element-246c743 elementor-widget elementor-widget-text-editor\" data-id=\"246c743\" data-element_type=\"widget\" data-e-type=\"widget\" data-widget_type=\"text-editor.default\">\n\t\t\t\t<div class=\"elementor-widget-container\">\n\t\t\t\t\t\t\t\t\tOver 20 years of innovative welding automation, with thousands of welding robots system delievered to hundreds of happy local customers, NCI \u2013 an exclusive distributor of OTC Daihen for robotic welding, has always been a pioneer in advancing welding and automation technology, bringing numerous innovations to the industry:\t\t\t\t\t\t\t\t<\/div>\n\t\t\t\t<\/div>\n\t\t\t\t\t<\/div>\n\t\t<\/div>\n\t\t\t\t\t<\/div>\n\t\t<\/section>\n\t\t\t\t<section class=\"elementor-section elementor-top-section elementor-element elementor-element-683f41a elementor-section-boxed elementor-section-height-default elementor-section-height-default\" data-id=\"683f41a\" data-element_type=\"section\" data-e-type=\"section\">\n\t\t\t\t\t\t<div class=\"elementor-container elementor-column-gap-default\">\n\t\t\t\t\t<div class=\"elementor-column elementor-col-50 elementor-top-column elementor-element elementor-element-ec8c1c4\" data-id=\"ec8c1c4\" data-element_type=\"column\" data-e-type=\"column\">\n\t\t\t<div class=\"elementor-widget-wrap elementor-element-populated\">\n\t\t\t\t\t\t<div class=\"elementor-element elementor-element-e8017ed elementor-widget elementor-widget-text-editor\" data-id=\"e8017ed\" data-element_type=\"widget\" data-e-type=\"widget\" data-widget_type=\"text-editor.default\">\n\t\t\t\t<div class=\"elementor-widget-container\">\n\t\t\t\t\t\t\t\t\t<p><strong>Synchromotion<\/strong><\/p><p>Multiple units (robots and positioners) moving together in coordination<\/p><p><strong>Synchro Short Pulse Control<\/strong><\/p><p>Waveform control enabling rapid welding with no spatter<\/p><p><strong>One Knob Control<\/strong><\/p><p>Adjusting welding voltage and current at the same time<\/p><p><strong>Constant Arc On<\/strong><\/p><p>Revolutionary design to maintain a solid arc for AC MIG welding<\/p><p><strong>Retract Start Control<\/strong><\/p><p>Enabling instant arc starts for robotic aluminum MIG welding<\/p><p><strong>Wave Pulse<\/strong><\/p><p>Creating high speed TIG-like weld beads with pulse MIG welding equipment<\/p>\t\t\t\t\t\t\t\t<\/div>\n\t\t\t\t<\/div>\n\t\t\t\t\t<\/div>\n\t\t<\/div>\n\t\t\t\t<div class=\"elementor-column elementor-col-50 elementor-top-column elementor-element elementor-element-1100518\" data-id=\"1100518\" data-element_type=\"column\" data-e-type=\"column\">\n\t\t\t<div class=\"elementor-widget-wrap elementor-element-populated\">\n\t\t\t\t\t\t<div class=\"elementor-element elementor-element-6d6282d elementor-widget elementor-widget-image\" data-id=\"6d6282d\" data-element_type=\"widget\" data-e-type=\"widget\" data-widget_type=\"image.default\">\n\t\t\t\t<div class=\"elementor-widget-container\">\n\t\t\t\t\t\t\t\t\t\t\t\t\t\t\t<img decoding=\"async\" width=\"495\" height=\"280\" src=\"https:\/\/tantheky.com\/wp-content\/uploads\/welding-system-bottom.jpg\" class=\"attachment-medium_large size-medium_large wp-image-2542\" alt=\"\" srcset=\"https:\/\/tantheky.com\/wp-content\/uploads\/welding-system-bottom.jpg 495w, https:\/\/tantheky.com\/wp-content\/uploads\/welding-system-bottom-300x170.jpg 300w\" sizes=\"(max-width: 495px) 100vw, 495px\" title=\"\">\t\t\t\t\t\t\t\t\t\t\t\t\t\t\t<\/div>\n\t\t\t\t<\/div>\n\t\t\t\t\t<\/div>\n\t\t<\/div>\n\t\t\t\t\t<\/div>\n\t\t<\/section>\n\t\t\t\t<section class=\"elementor-section elementor-top-section elementor-element elementor-element-eea4651 elementor-section-boxed elementor-section-height-default elementor-section-height-default\" data-id=\"eea4651\" data-element_type=\"section\" data-e-type=\"section\">\n\t\t\t\t\t\t<div class=\"elementor-container elementor-column-gap-default\">\n\t\t\t\t\t<div class=\"elementor-column elementor-col-100 elementor-top-column elementor-element elementor-element-ef50455\" data-id=\"ef50455\" data-element_type=\"column\" data-e-type=\"column\">\n\t\t\t<div class=\"elementor-widget-wrap elementor-element-populated\">\n\t\t\t\t\t\t<div class=\"elementor-element elementor-element-1fb2b70 elementor-widget elementor-widget-heading\" data-id=\"1fb2b70\" data-element_type=\"widget\" data-e-type=\"widget\" data-widget_type=\"heading.default\">\n\t\t\t\t<div class=\"elementor-widget-container\">\n\t\t\t\t\t<h2 class=\"elementor-heading-title elementor-size-default\">C\u00c1C KH\u00c1CH H\u00c0NG TI\u1ec2U BI\u1ec2U:<\/h2>\t\t\t\t<\/div>\n\t\t\t\t<\/div>\n\t\t\t\t\t<\/div>\n\t\t<\/div>\n\t\t\t\t\t<\/div>\n\t\t<\/section>\n\t\t\t\t<section class=\"elementor-section elementor-top-section elementor-element elementor-element-1d8cf4c elementor-section-height-min-height elementor-section-boxed elementor-section-height-default elementor-section-items-middle\" data-id=\"1d8cf4c\" data-element_type=\"section\" data-e-type=\"section\">\n\t\t\t\t\t\t<div class=\"elementor-container elementor-column-gap-default\">\n\t\t\t\t\t<div class=\"elementor-column elementor-col-100 elementor-top-column elementor-element elementor-element-7eec910\" data-id=\"7eec910\" data-element_type=\"column\" data-e-type=\"column\">\n\t\t\t<div class=\"elementor-widget-wrap elementor-element-populated\">\n\t\t\t\t\t\t<div class=\"elementor-element elementor-element-2127452 elementor-skin-carousel elementor-widget elementor-widget-media-carousel\" data-id=\"2127452\" data-element_type=\"widget\" data-e-type=\"widget\" data-settings=\"{&quot;slides_per_view&quot;:&quot;5&quot;,&quot;autoplay_speed&quot;:2000,&quot;slides_per_view_tablet&quot;:&quot;3&quot;,&quot;skin&quot;:&quot;carousel&quot;,&quot;effect&quot;:&quot;slide&quot;,&quot;speed&quot;:500,&quot;autoplay&quot;:&quot;yes&quot;,&quot;loop&quot;:&quot;yes&quot;,&quot;space_between&quot;:{&quot;unit&quot;:&quot;px&quot;,&quot;size&quot;:10,&quot;sizes&quot;:[]},&quot;space_between_tablet&quot;:{&quot;unit&quot;:&quot;px&quot;,&quot;size&quot;:10,&quot;sizes&quot;:[]},&quot;space_between_mobile&quot;:{&quot;unit&quot;:&quot;px&quot;,&quot;size&quot;:10,&quot;sizes&quot;:[]}}\" data-widget_type=\"media-carousel.default\">\n\t\t\t\t<div class=\"elementor-widget-container\">\n\t\t\t\t\t\t\t\t\t<div class=\"elementor-swiper\">\n\t\t\t\t\t<div class=\"elementor-main-swiper swiper\" role=\"region\" aria-roledescription=\"carousel\" aria-label=\"Slides\">\n\t\t\t\t<div class=\"swiper-wrapper\">\n\t\t\t\t\t\t\t\t\t\t\t<div class=\"swiper-slide\" role=\"group\" aria-roledescription=\"slide\">\n\t\t\t\t\t\t\t\t\t<div class=\"elementor-carousel-image\" role=\"img\" aria-label=\"Hoa Phat\" style=\"background-image: url(&#039;https:\/\/tantheky.com\/wp-content\/uploads\/hoa-phat.png&#039;)\">\n\n\t\t\t\n\t\t\t\t\t<\/div>\n\t\t\t\t\t\t\t\t<\/div>\n\t\t\t\t\t\t\t\t\t\t\t<div class=\"swiper-slide\" role=\"group\" aria-roledescription=\"slide\">\n\t\t\t\t\t\t\t\t\t<div class=\"elementor-carousel-image\" role=\"img\" aria-label=\"Honda\" style=\"background-image: url(&#039;https:\/\/tantheky.com\/wp-content\/uploads\/honda.png&#039;)\">\n\n\t\t\t\n\t\t\t\t\t<\/div>\n\t\t\t\t\t\t\t\t<\/div>\n\t\t\t\t\t\t\t\t\t\t\t<div class=\"swiper-slide\" role=\"group\" aria-roledescription=\"slide\">\n\t\t\t\t\t\t\t\t\t<div class=\"elementor-carousel-image\" role=\"img\" aria-label=\"Thaco\" style=\"background-image: url(&#039;https:\/\/tantheky.com\/wp-content\/uploads\/thaco.png&#039;)\">\n\n\t\t\t\n\t\t\t\t\t<\/div>\n\t\t\t\t\t\t\t\t<\/div>\n\t\t\t\t\t\t\t\t\t\t\t<div class=\"swiper-slide\" role=\"group\" aria-roledescription=\"slide\">\n\t\t\t\t\t\t\t\t\t<div class=\"elementor-carousel-image\" role=\"img\" aria-label=\"Thai Summit\" style=\"background-image: url(&#039;https:\/\/tantheky.com\/wp-content\/uploads\/thai-summit.png&#039;)\">\n\n\t\t\t\n\t\t\t\t\t<\/div>\n\t\t\t\t\t\t\t\t<\/div>\n\t\t\t\t\t\t\t\t\t\t\t<div class=\"swiper-slide\" role=\"group\" aria-roledescription=\"slide\">\n\t\t\t\t\t\t\t\t\t<div class=\"elementor-carousel-image\" role=\"img\" aria-label=\"Toyota\" style=\"background-image: url(&#039;https:\/\/tantheky.com\/wp-content\/uploads\/toyota.png&#039;)\">\n\n\t\t\t\n\t\t\t\t\t<\/div>\n\t\t\t\t\t\t\t\t<\/div>\n\t\t\t\t\t\t\t\t\t\t\t<div class=\"swiper-slide\" role=\"group\" aria-roledescription=\"slide\">\n\t\t\t\t\t\t\t\t\t<div class=\"elementor-carousel-image\" role=\"img\" aria-label=\"Yamaha\" style=\"background-image: url(&#039;https:\/\/tantheky.com\/wp-content\/uploads\/yamaha.png&#039;)\">\n\n\t\t\t\n\t\t\t\t\t<\/div>\n\t\t\t\t\t\t\t\t<\/div>\n\t\t\t\t\t\t\t\t\t\t\t<div class=\"swiper-slide\" role=\"group\" aria-roledescription=\"slide\">\n\t\t\t\t\t\t\t\t\t<div class=\"elementor-carousel-image\" role=\"img\" aria-label=\"Asahi Kasei\" style=\"background-image: url(&#039;https:\/\/tantheky.com\/wp-content\/uploads\/asahi-kasei.png&#039;)\">\n\n\t\t\t\n\t\t\t\t\t<\/div>\n\t\t\t\t\t\t\t\t<\/div>\n\t\t\t\t\t\t\t\t\t<\/div>\n\t\t\t\t\t\t\t\t\t\t\t\t\t\t\t\t\t\t\t\t\t<\/div>\n\t\t\t\t<\/div>\n\t\t\t\t\t\t\t\t<\/div>\n\t\t\t\t<\/div>\n\t\t\t\t\t<\/div>\n\t\t<\/div>\n\t\t\t\t\t<\/div>\n\t\t<\/section>\n\t\t\t\t<\/div>\n\t\t","protected":false},"excerpt":{"rendered":"<p>Keep It All Together With One Seamless System. Thi\u1ebft b\u1ecb NCI cung c\u1ea5p s\u1eed d\u1ee5ng c\u00f4ng ngh\u1ec7 ti\u00ean ti\u1ebfn nh\u1ea5t tr\u00ean th\u1ebf gi\u1edbi trong ng\u00e0nh h\u00e0n, v\u1edbi c\u00e1c t\u00ednh n\u0103ng v\u00e0 giao di\u1ec7n th\u00e2n thi\u1ec7n v\u1edbi ng\u01b0\u1eddi d\u00f9ng, cho ph\u00e9p t\u1eeb nh\u1eefng th\u1ee3 h\u00e0n c\u00f3 kinh nghi\u1ec7m \u0111\u1ebfn ng\u01b0\u1eddi m\u1edbi l\u00e0m quen \u0111\u1ea1t \u0111\u01b0\u1ee3c ch\u1ea5t l\u01b0\u1ee3ng cao, \u1ed5n \u0111\u1ecbnh, v\u1edbi hi\u1ec7u qu\u1ea3 v\u01b0\u1ee3t tr\u1ed9i. Nh\u1eefng S\u1ea3n Ph\u1ea9m C\u1ee7a Ch\u00fang T\u00f4i: Robot h\u00e0n T\u1ee7 \u0111i\u1ec1u khi\u1ec3n robot Ngu\u1ed3n h\u00e0n \u0110\u1ed3 g\u00e1 Thi\u1ebft b\u1ecb ngo\u1ea1i vi C\u1ea3m bi\u1ebfn V\u1eadt li\u1ec7u h\u00e0n INDUSTRY-LEADING TECHNOLOGY. CUTTING-EDGE ROBOTICS. Over 20 years of innovative welding automation, [&hellip;]<\/p>\n","protected":false},"author":1,"featured_media":0,"parent":0,"menu_order":0,"comment_status":"closed","ping_status":"closed","template":"","meta":{"_acf_changed":false,"site-sidebar-layout":"no-sidebar","site-content-layout":"page-builder","ast-site-content-layout":"default","site-content-style":"default","site-sidebar-style":"default","ast-global-header-display":"","ast-banner-title-visibility":"","ast-main-header-display":"","ast-hfb-above-header-display":"","ast-hfb-below-header-display":"","ast-hfb-mobile-header-display":"","site-post-title":"disabled","ast-breadcrumbs-content":"","ast-featured-img":"disabled","footer-sml-layout":"","ast-disable-related-posts":"","theme-transparent-header-meta":"default","adv-header-id-meta":"","stick-header-meta":"default","header-above-stick-meta":"","header-main-stick-meta":"","header-below-stick-meta":"","astra-migrate-meta-layouts":"default","ast-page-background-enabled":"default","ast-page-background-meta":{"desktop":{"background-color":"","background-image":"","background-repeat":"repeat","background-position":"center center","background-size":"auto","background-attachment":"scroll","background-type":"","background-media":"","overlay-type":"","overlay-color":"","overlay-opacity":"","overlay-gradient":""},"tablet":{"background-color":"","background-image":"","background-repeat":"repeat","background-position":"center center","background-size":"auto","background-attachment":"scroll","background-type":"","background-media":"","overlay-type":"","overlay-color":"","overlay-opacity":"","overlay-gradient":""},"mobile":{"background-color":"","background-image":"","background-repeat":"repeat","background-position":"center center","background-size":"auto","background-attachment":"scroll","background-type":"","background-media":"","overlay-type":"","overlay-color":"","overlay-opacity":"","overlay-gradient":""}},"ast-content-background-meta":{"desktop":{"background-color":"var(--ast-global-color-5)","background-image":"","background-repeat":"repeat","background-position":"center center","background-size":"auto","background-attachment":"scroll","background-type":"","background-media":"","overlay-type":"","overlay-color":"","overlay-opacity":"","overlay-gradient":""},"tablet":{"background-color":"var(--ast-global-color-5)","background-image":"","background-repeat":"repeat","background-position":"center center","background-size":"auto","background-attachment":"scroll","background-type":"","background-media":"","overlay-type":"","overlay-color":"","overlay-opacity":"","overlay-gradient":""},"mobile":{"background-color":"var(--ast-global-color-5)","background-image":"","background-repeat":"repeat","background-position":"center center","background-size":"auto","background-attachment":"scroll","background-type":"","background-media":"","overlay-type":"","overlay-color":"","overlay-opacity":"","overlay-gradient":""}},"footnotes":""},"class_list":["post-2149","page","type-page","status-publish","hentry"],"acf":[],"_links":{"self":[{"href":"https:\/\/tantheky.com\/vi\/wp-json\/wp\/v2\/pages\/2149","targetHints":{"allow":["GET"]}}],"collection":[{"href":"https:\/\/tantheky.com\/vi\/wp-json\/wp\/v2\/pages"}],"about":[{"href":"https:\/\/tantheky.com\/vi\/wp-json\/wp\/v2\/types\/page"}],"author":[{"embeddable":true,"href":"https:\/\/tantheky.com\/vi\/wp-json\/wp\/v2\/users\/1"}],"replies":[{"embeddable":true,"href":"https:\/\/tantheky.com\/vi\/wp-json\/wp\/v2\/comments?post=2149"}],"version-history":[{"count":0,"href":"https:\/\/tantheky.com\/vi\/wp-json\/wp\/v2\/pages\/2149\/revisions"}],"wp:attachment":[{"href":"https:\/\/tantheky.com\/vi\/wp-json\/wp\/v2\/media?parent=2149"}],"curies":[{"name":"wp","href":"https:\/\/api.w.org\/{rel}","templated":true}]}}